{"id":49,"date":"2022-08-26T09:29:26","date_gmt":"2022-08-26T06:29:26","guid":{"rendered":"https:\/\/ngr-backup.viljamedia.com\/?page_id=49"},"modified":"2025-10-31T02:19:04","modified_gmt":"2025-10-31T00:19:04","slug":"ngr-group","status":"publish","type":"page","link":"https:\/\/ngr-backup.viljamedia.com\/sv\/ngr-group\/","title":{"rendered":"Om NGR"},"content":{"rendered":"\n\n\n\n\n<figure class=\"gb-block-image gb-block-image-a5ec82c1\"><img decoding=\"async\" class=\"gb-image gb-image-a5ec82c1\" src=\"https:\/\/ngr-backup.viljamedia.com\/wp-content\/uploads\/2025\/01\/strategigrafik-2025logo-2.png\" alt=\"Strategigrafik 2025logo\" title=\"strategigrafik-2025logo\"\/><\/figure>\n\n\n\n\n\n\n<figure class=\"gb-block-image gb-block-image-f75a80d5\"><img decoding=\"async\" class=\"gb-image gb-image-f75a80d5\" src=\"https:\/\/ngr-backup.viljamedia.com\/wp-content\/uploads\/2025\/01\/2025_logo_NGRsolutions-rak-farg_300ppi.png\" alt=\"2025 Logo Ngrsolutions Rak Fa\u0308rg 300ppi\" title=\"2025_logo_NGRsolutions-rak-fa\u0308rg_300ppi\"\/><\/figure>\n\n\n\n\n<p class=\"gb-headline gb-headline-0712d31c gb-headline-text\"><strong>NGR Recycling hub<\/strong><\/p>\n\n\n\n<p class=\"gb-headline gb-headline-9214612f gb-headline-text\">Insamling och hantering av material.<\/p>\n\n\n\n<p class=\"gb-headline gb-headline-2d04f0cf gb-headline-text\">En lokal \u00e5tervinningscentral som hanterar och bearbetar \u00e5tervinningsmaterial.<\/p>\n\n\n\n<p class=\"gb-headline gb-headline-285f80ef gb-headline-text\"><strong>NGR Partners<\/strong><\/p>\n\n\n\n<p class=\"gb-headline gb-headline-ffe91d5c gb-headline-text\">Samarbete med lokala transportbolag f\u00f6r insamling och transport.<\/p>\n\n\n\n<p class=\"gb-headline gb-headline-b106a80b gb-headline-text\"><strong>NGR Backoffice<\/strong><\/p>\n\n\n\n<p class=\"gb-headline gb-headline-92d02eb9 gb-headline-text\">Administrativt och tekniskt st\u00f6d f\u00f6r att s\u00e4kerst\u00e4lla smidiga operationer.<\/p>\n\n\n\n\n\n\n<figure class=\"gb-block-image gb-block-image-ebfc4031\"><img decoding=\"async\" class=\"gb-image gb-image-ebfc4031\" src=\"https:\/\/ngr-backup.viljamedia.com\/wp-content\/uploads\/2025\/01\/2025_logo_NGRoperations-rak-farg_300ppi.png\" alt=\"2025 Logo Ngroperations Rak Fa\u0308rg 300ppi\" title=\"2025_logo_NGRoperations-rak-fa\u0308rg_300ppi\"\/><\/figure>\n\n\n\n\n<p class=\"gb-headline gb-headline-886b1fbb gb-headline-text\"><strong>NGR Trading<\/strong><\/p>\n\n\n\n<p class=\"gb-headline gb-headline-f09c0a25 gb-headline-text\">F\u00f6rs\u00e4ljning av f\u00e4rdiga produkter till kunder och partners.<\/p>\n\n\n\n<p class=\"gb-headline gb-headline-74f136fe gb-headline-text\"><strong>NGR Logistics &amp; Services<\/strong><\/p>\n\n\n\n<p class=\"gb-headline gb-headline-c26044a5 gb-headline-text\">Tj\u00e4nster f\u00f6r materialtransport och logistikl\u00f6sningar f\u00f6r \u00e5tervinningsindustrin.<\/p>\n\n\n\n\n\n\n\n\n\n\n\n\n\n<h1 class=\"gb-headline gb-headline-425e3bb2 gb-headline-text\">Om f\u00f6retaget<\/h1>\n\n\n\n<p class=\"gb-headline gb-headline-954b06f6 gb-headline-text\">Nordic Green Recycling \u00e4r ett bolag med hemort i Korsholm, \u00d6sterbotten. Bolaget leds av VD Tobias H\u00e4stbacka och den f\u00f6rsta terminalen byggs h\u00f6sten 2022 i Vassor. Nordic Green Recycling g\u00e5r in f\u00f6r att stegvis skapa en unik aff\u00e4rsmodell inom Norden.<\/p>\n\n\n\n<p class=\"gb-headline gb-headline-19bef62c gb-headline-text\">NGRs aff\u00e4rskoncept handlar om att med hj\u00e4lp av olika metoder ta vara p\u00e5 en produkt som i m\u00e5nga avseenden klassas som ett \u201davfall och ett problem\u201d. Med r\u00e4tt hantering och effektiv process kan vi f\u00e5 fram en ny attraktiv produkt som har en samh\u00e4llsnytta med minsta m\u00f6jliga milj\u00f6p\u00e5verkan \u00f6verlag &#8211; b\u00e5de f\u00f6r s\u00e4ljaren och k\u00f6paren. En gr\u00f6n omst\u00e4llning kopplat till byggsektorn och industrin &#8211; i kombination med gr\u00f6na aff\u00e4rsid\u00e9er b\u00f6rjar h\u00e4r.<\/p>\n\n\n\n\n\n\n\n\n\n<h2 class=\"gb-headline gb-headline-0d8a548b gb-headline-text\">\u00c5tervinning &amp; cirkul\u00e4r ekonomi skapar en h\u00e5llbar framtid<\/h2>\n\n\n\n<p class=\"gb-headline gb-headline-d0999a6d gb-headline-text\"><strong>Cirkul\u00e4r ekonomi<\/strong> \u00e4r en ekonomisk modell d\u00e4r produktionen och anv\u00e4ndningen planeras s\u00e5 att det inte uppst\u00e5r avfall, utan material och deras v\u00e4rde bevaras i cirkulationen. Cirkul\u00e4r ekonomi inneb\u00e4r inte bara \u00e5tervinning, utan \u00e4ven nya verksamhetsmodeller inom ekonomin s\u00e5som delning, leasing, reparation och \u00e5teranv\u00e4ndning. Avfallsm\u00e4ngderna \u00f6kar och i v\u00e4rlden produceras i genomsnitt 0,7 kilo avfall per person varje dag. I Finland \u00e4r motsvarande siffra 1,4 kilo. Prognosen \u00e4r att avfallsm\u00e4ngderna \u00f6kar med 75 procent fram till 2050. Avfallsm\u00e4ngderna kan minska betydligt med hj\u00e4lp av l\u00f6sningar i den cirkul\u00e4ra ekonomin.<\/p>\n\n\n\n<p class=\"gb-headline gb-headline-335e03eb gb-headline-text\"><strong>Finlands v\u00e4gkarta<\/strong> f\u00f6r cirkul\u00e4r ekonomi 2016\u20132025 visar v\u00e4gen till h\u00e5llbar framg\u00e5ng. Finland har en verklig chans att skapa h\u00e5llbar v\u00e4lf\u00e4rd och framg\u00e5ng under de n\u00e4rmaste 5-10 \u00e5ren utifr\u00e5n kolneutral cirkul\u00e4r ekonomi. V\u00e4rlden beh\u00f6ver f\u00f6reg\u00e5ngares l\u00f6sningar p\u00e5 en tillv\u00e4xt inom ekonomi och v\u00e4lf\u00e4rd som inte l\u00e4ngre grundar sig p\u00e5 sl\u00f6seri med naturresurser.<\/p>\n\n\n\n\n<p class=\"gb-headline gb-headline-a05a7d4c gb-headline-text\"><strong>Ansvaret f\u00f6r<\/strong> den gr\u00f6na omst\u00e4llningen ligger hos oss alla och i dagens l\u00e4ge \u00e4r medvetenheten i sj\u00e4lva lokalsamh\u00e4llet inte tillr\u00e4cklig vad g\u00e4ller milj\u00f6fr\u00e5gor och konsumentbeteende &#8211; samtidigt s\u00e5 \u00e4r vi tvungna att st\u00e4lla om och det r\u00e4tt snabbt. Det h\u00e4r har \u00f6ppnat f\u00f6r ett nytt s\u00e4tt att kommunicera h\u00e5llbarhet och det kan anv\u00e4ndas skickligt f\u00f6r b\u00e5de det offentliga och det privata.<\/p>\n\n\n\n<p class=\"gb-headline gb-headline-8de4e181 gb-headline-text\"><strong>Det g\u00e5r<\/strong> att g\u00f6ra aff\u00e4rer med gr\u00f6n business och det g\u00e5r att vara h\u00e5llbar och v\u00e4xa snabbt. H\u00e4r handlar det om att \u00e5tervinna material och d\u00e4rmed vara milj\u00f6medveten. Man vill samtidigt fr\u00e4mja cirkul\u00e4r ekonomi och h\u00e5llbar anv\u00e4ndning av naturresurserna samt jobba f\u00f6rebyggande. I Finland och inom Norden p\u00e5g\u00e5r h\u00e5llbarhetsarbete p\u00e5 m\u00e5nga plan &#8211; s\u00e5 \u00e4ven inom t.ex. byggsektorn d\u00e4r man via olika statliga \u00e5tg\u00e4rder som b\u00e4st styr in helheten p\u00e5 bl.a. Byggande och byggnader, som orsakar cirka en tredjedel av Finlands v\u00e4xthusgasutsl\u00e4pp. F\u00f6r att Finland ska kunna uppn\u00e5 sina nationella och internationella klimatm\u00e5l m\u00e5ste ocks\u00e5 utsl\u00e4ppen fr\u00e5n byggsektorn minska. Det r\u00e4cker inte med att \u00f6vervaka energif\u00f6rbrukningen under byggnadens anv\u00e4ndningstid, utan man b\u00f6r ocks\u00e5 beakta koldioxidavtrycket under byggnadens hela livscykel.<\/p>\n\n\n\n<p class=\"gb-headline gb-headline-c39cc0c9 gb-headline-text\"><strong>Milj\u00f6ministeriets kriterier<\/strong> f\u00f6r koldioxidsn\u00e5lt byggande kommer allra f\u00f6rst att b\u00f6rja till\u00e4mpas p\u00e5 offentliga byggprojekt. M\u00e5let \u00e4r att koldioxidavtrycket under byggnadens hela livscykel ska b\u00f6rja styras genom lagstiftning senast i mitten av 2020-talet. Milj\u00f6styrningen inom byggandet har i Finland hittills g\u00e5tt ut p\u00e5 att f\u00f6rb\u00e4ttra byggbest\u00e5ndets energiprestanda och minska de utsl\u00e4pp som uppst\u00e5r n\u00e4r byggnaderna anv\u00e4nds. Efter att man till f\u00f6ljd av de nya energibest\u00e4mmelserna 2018 \u00f6vergick till byggande av n\u00e4ra-nollenergibyggnader har marginalerna f\u00f6r att minska utsl\u00e4ppen varit sm\u00e5 n\u00e4r det g\u00e4ller nybyggnad. Det g\u00e4ller att hitta nya l\u00f6sningar i arbetet med att minska utsl\u00e4ppen inom byggsektorn.<\/p>\n\n\n\n<p class=\"gb-headline gb-headline-1f66692a gb-headline-text\"><strong>Nu ligger <\/strong>fokus framf\u00f6r allt p\u00e5 det inledande och avslutande skedet i byggnadens livscykel, det vill s\u00e4ga framst\u00e4llning av byggnadsmaterial, byggande, f\u00f6rebyggande av uppkomsten av byggavfall samt \u00e5tervinning av byggavfall. I det befintliga byggbest\u00e5ndet finns det gott om potential f\u00f6r utsl\u00e4ppsminskningar, men de reparationer som syftar till att f\u00f6rb\u00e4ttra energiprestandan utf\u00f6rs i huvudsak i samband med andra reparationer.<\/p>\n\n\n\n\n\n\n\n\n\n<figure class=\"gb-block-image gb-block-image-0bc138da\"><img decoding=\"async\" class=\"gb-image gb-image-0bc138da\" src=\"https:\/\/ngr-backup.viljamedia.com\/wp-content\/uploads\/2025\/01\/strategigrafik-2025logo-2.png\" alt=\"Strategigrafik 2025logo\" title=\"strategigrafik-2025logo\"\/><\/figure>\n\n\n\n\n\n<h2 class=\"gb-headline gb-headline-def7aa38 gb-headline-text\">Terminal<\/h2>\n\n\n\n<h3 class=\"gb-headline gb-headline-bb5b6806 gb-headline-text\">&#8211; \u00c5tervinningsstation f\u00f6r byggmaterial<\/h3>\n\n\n\n<p class=\"gb-headline gb-headline-d030ffe4 gb-headline-text\">Den f\u00f6rsta terminalen byggs som b\u00e4st p\u00e5 LWP f\u00f6retagsomr\u00e5de i Vassor, Korsholm. Skede 1 \u00e4r en plan p\u00e5 ca 1,5 ha asfalt &#8211; resten blir en grusplan. Terminalen i Vassor \u00e4r f\u00f6rst ut och d\u00e4rmed konceptets f\u00f6rsta terminalbygge. Terminalen \u00e4r en insamlingsplats och mittpunkt f\u00f6r material som skall \u00e5tervinnas. Materialet sorteras och efter behov sker kross och siktning -det vidaref\u00f6r\u00e4dlas och \u00e5ker vidare i processen. Terminalen \u00e4r ingen slutdestination f\u00f6r material och avfall &#8211; tv\u00e4rtom. Det \u00e4r en mittpunkt som knyter ihop \u00e5tervinningen och den cirkul\u00e4ra processen.<\/p>\n\n\n\n<p class=\"gb-headline gb-headline-2859c2aa gb-headline-text\">NGR str\u00e4var ocks\u00e5 efter att bli en utsl\u00e4ppsfri terminal vilket betyder att t.ex. de maskiner som finns p\u00e5 plats skall vara eldrivna p\u00e5 sikt. I det arbete som ber\u00f6r utsl\u00e4ppsfri produktion ing\u00e5r \u00e4ven energif\u00f6rs\u00f6rjning- och effektivitet som \u00e4r viktiga delar av terminalfunktionen.<\/p>\n\n\n\n\n\n\n\n\n\n\n<h3 class=\"gb-headline gb-headline-fadfd04e gb-headline-text\">Utvecklingsprojekt<\/h3>\n\n\n\n<p class=\"gb-headline gb-headline-03771220 gb-headline-text\">Inom projektet &#8220;Utveckling av aff\u00e4rsmodell och digitala l\u00f6sningar f\u00f6r cirkul\u00e4r ekonomi i<br>\u00d6sterbotten&#8221; skall utveckling av digitala verktyg, processer och produkter inom<br>material\u00e5teranv\u00e4ndning och material\u00e5tervinning bedrivas i NGR Groups regi. M\u00e5ls\u00e4ttningen \u00e4r att<br>verktygen och processerna skall kunna anv\u00e4ndas i st\u00f6rre skala \u00e4ven nationellt och internationellt.<\/p>\n\n\n\n\n\n<figure class=\"gb-block-image gb-block-image-6cddd97c\"><img decoding=\"async\" class=\"gb-image gb-image-6cddd97c\" src=\"https:\/\/ngr-backup.viljamedia.com\/wp-content\/uploads\/2024\/12\/SV_co-funded_by_VERTICAL_RGB_POS.png\" alt=\"\" title=\"SV_co-funded_by_VERTICAL_RGB_POS\"\/><\/figure>\n\n\n\n\n\n<h3 class=\"gb-headline gb-headline-68654b1d gb-headline-text\">Terminal f\u00f6r material\u00e5tervinning<\/h3>\n\n\n\n<p class=\"gb-headline gb-headline-ec2f16a1 gb-headline-text\">Byggande av terminal f\u00f6r material\u00e5tervinning samt fr\u00e4mjande av den cirkul\u00e4ra ekonomin genom att effektivt utnyttja och ta tillvara restmaterial och avfall i \u00d6sterbotten. M\u00e5ls\u00e4ttningen n\u00e4r projektet blir klart \u00e4r att kunna minska milj\u00f6belastningen och spara p\u00e5 utnyttjandet av jungfruliga material.<br><\/p>\n\n\n\n\n\n\n\n\n\n\n<h2 class=\"gb-headline gb-headline-489b14cb gb-headline-text\">Ta kontakt!<\/h2>\n\n\n\n<p class=\"gb-headline gb-headline-ae52cba5 gb-headline-text\">Du kan n\u00e5 oss direkt via kontaktuppgifterna h\u00e4r nedan eller genom att l\u00e4mna ett meddelande i formul\u00e4ret h\u00e4r intill s\u00e5 h\u00f6r vi av oss inom kort.<\/p>\n\n\n\n<h3 class=\"gb-headline gb-headline-643e5c60 gb-headline-text\">Personal<\/h3>\n\n\n\n<p class=\"gb-headline gb-headline-27d3da91 gb-headline-text\"><strong>Tobias H\u00e4stbacka,<br><\/strong>Verkst\u00e4llande direkt\u00f6r<br>+358 504603365 <a href=\"mailto:tobias.hastbacka@nordicgreenrecycling.fi\"><span style=\"text-decoration: underline;\">tobias.hastbacka@nordicgreenrecycling.fi<\/span><\/a><\/p>\n\n\n\n\n<p>[fluentform id=&#8221;3&#8243;]<\/p>\n\n\n\n","protected":false},"excerpt":{"rendered":"","protected":false},"author":1,"featured_media":0,"parent":0,"menu_order":0,"comment_status":"closed","ping_status":"closed","template":"","meta":{"inline_featured_image":false,"slim_seo":{"title":"H\u00e5llbar Utveckling och Cirkul\u00e4r Ekonomi | NGR Group","description":"Din partner f\u00f6r en h\u00e5llbar utveckling! Vi fr\u00e4mjar en gr\u00f6n omst\u00e4llning genom effektiv \u00e5tervinning, avfallshantering och avfallstransporter i \u00d6sterbotten."},"footnotes":""},"class_list":["post-49","page","type-page","status-publish","hentry"],"_links":{"self":[{"href":"https:\/\/ngr-backup.viljamedia.com\/sv\/wp-json\/wp\/v2\/pages\/49","targetHints":{"allow":["GET"]}}],"collection":[{"href":"https:\/\/ngr-backup.viljamedia.com\/sv\/wp-json\/wp\/v2\/pages"}],"about":[{"href":"https:\/\/ngr-backup.viljamedia.com\/sv\/wp-json\/wp\/v2\/types\/page"}],"author":[{"embeddable":true,"href":"https:\/\/ngr-backup.viljamedia.com\/sv\/wp-json\/wp\/v2\/users\/1"}],"replies":[{"embeddable":true,"href":"https:\/\/ngr-backup.viljamedia.com\/sv\/wp-json\/wp\/v2\/comments?post=49"}],"version-history":[{"count":5,"href":"https:\/\/ngr-backup.viljamedia.com\/sv\/wp-json\/wp\/v2\/pages\/49\/revisions"}],"predecessor-version":[{"id":2018,"href":"https:\/\/ngr-backup.viljamedia.com\/sv\/wp-json\/wp\/v2\/pages\/49\/revisions\/2018"}],"wp:attachment":[{"href":"https:\/\/ngr-backup.viljamedia.com\/sv\/wp-json\/wp\/v2\/media?parent=49"}],"curies":[{"name":"wp","href":"https:\/\/api.w.org\/{rel}","templated":true}]}}