{"id":3203,"date":"2025-10-13T13:20:56","date_gmt":"2025-10-13T10:20:56","guid":{"rendered":"https:\/\/ngr-backup.viljamedia.com\/smart-digital-plattform-for-materialhandel\/"},"modified":"2025-10-31T02:19:13","modified_gmt":"2025-10-31T00:19:13","slug":"trading","status":"publish","type":"page","link":"https:\/\/ngr-backup.viljamedia.com\/sv\/trading\/","title":{"rendered":"Smart digital plattform f\u00f6r materialhandel"},"content":{"rendered":"<section data-etch-element=\"section\" class=\"hero\"><figure style=\"--overlay-color: linear-gradient(to right, var(--base-semi-dark), var(--base-light)); --overlay-opacity: 30%; --overlay-color-mobile: linear-gradient(to right, var(--base-semi-dark), var(--base-semi-light)); --overlay-opacity-mobile: 50%;\" data-has-overlay=\"true\" class=\"background-image\"><img decoding=\"async\" src=\"https:\/\/ngr-backup.viljamedia.com\/wp-content\/uploads\/2025\/10\/NGR-Group-2025-web-26.webp\" alt class=\"background-image__img\" src=\"https:\/\/ngr-backup.viljamedia.com\/wp-content\/uploads\/2025\/10\/NGR-Group-2025-web-26.webp\" alt=\"\" \/><\/figure><div data-etch-element=\"container\" class=\"hero__inner\"><div data-etch-element=\"container\" data-intro-style=\"Center\" class=\"section-intro\"><div data-etch-element=\"flex-div\" class=\"section-intro__content-wrapper\"><h2 class=\"section-intro__heading\">Materialhandel och digital plattform f\u00f6r cirkul\u00e4r ekonomi<\/h2><p class=\"section-intro__headline h1\">D\u00e4r \u00e5tervunnet material m\u00f6ter marknaden.<\/p><\/div><div class=\"section-intro__cta-wrapper\"><a href=\"\/kontakt\" class=\"section-intro__cta-primary btn--primary\">F\u00e5 tillg\u00e5ng till plattformen<\/a><\/div><\/div><\/div><\/section><section data-etch-element=\"section\" class=\"ngr-intro\"><div data-etch-element=\"container\" class=\"ngr-intro__container\"><div data-etch-element=\"flex-div\" class=\"ngr-intro__intro-wrapper\"><figure class=\"ngr-intro__icon-wrapper\"><img decoding=\"async\" src=\"https:\/\/ngr-backup.viljamedia.com\/wp-content\/uploads\/2025\/10\/NGRG-symbol-trading.webp\" alt class=\"ngr-intro__icon\" src=\"https:\/\/ngr-backup.viljamedia.com\/wp-content\/uploads\/2025\/10\/NGRG-symbol-trading.webp\" alt=\"\" \/><\/figure><h2 class=\"ngr-intro__heading\">NGR<br class=\"ngr-intro__br\"\/><span class=\"subheading-accent-2 ngr-intro__span\">Trading<\/span><\/h2><\/div><div data-etch-element=\"flex-div\" class=\"ngr-intro__content-wrapper\"><p class=\"ngr-intro__lede\">NGR Trading skapar nya m\u00f6jligheter genom smart materialhandel och en digital plattform.\r\n<\/p><p class=\"ngr-intro__text\"><strong>Plattformen kopplar samman k\u00f6pare och s\u00e4ljare och m\u00f6jligg\u00f6r transparenta, h\u00e5llbara och effektiva transaktioner.&nbsp;<\/strong><span style=\"font-weight: 400;\">Vi f\u00f6ljer trender, materialpriser och regelverk f\u00f6r att ge v\u00e5ra kunder aktuell information och konkurrensf\u00f6rdelar. <\/span><span style=\"font-weight: 400;\">All handel sker enligt certifierade milj\u00f6- och kvalitetsstandarder. Sp\u00e5rbarhet och transparens \u00e4r centrala i varje aff\u00e4r.<\/span><\/p><p class=\"ngr-intro__text\">Genom samarbete med producenter, \u00e5tervinnare och innovationsn\u00e4tverk bygger vi f\u00f6rtroende och stabilitet i den cirkul\u00e4ra handeln.<\/p><div data-etch-element=\"flex-div\" class=\"ngr-intro__cta-wrapper\"><a href=\"#news\" class=\"btn--secondary\">Nyheter<\/a><\/div><\/div><\/div><\/section><section data-etch-element=\"section\" class=\"division-news-section\" id=\"news\"><div data-etch-element=\"container\" class=\"news-section__intro\"><h2 class=\"news-section__heading\">Nyheter fr\u00e5n NGR Trading<\/h2><\/div><div data-etch-element=\"container\" class=\"division-news-section__container\"><\/div><\/section>","protected":false},"excerpt":{"rendered":"<p>NGRTrading NGR Trading skapar nya m\u00f6jligheter genom smart materialhandel och en digital plattform. Plattformen kopplar samman k\u00f6pare och s\u00e4ljare och m\u00f6jligg\u00f6r transparenta, h\u00e5llbara och effektiva transaktioner.&nbsp;Vi f\u00f6ljer trender, materialpriser och regelverk f\u00f6r att ge v\u00e5ra kunder aktuell information och konkurrensf\u00f6rdelar. All handel sker enligt certifierade milj\u00f6- och kvalitetsstandarder. Sp\u00e5rbarhet och transparens \u00e4r centrala i varje [&hellip;]<\/p>\n","protected":false},"author":1,"featured_media":0,"parent":0,"menu_order":0,"comment_status":"closed","ping_status":"closed","template":"","meta":{"inline_featured_image":false,"slim_seo":{"title":"Smart digital materialhandel & plattform \u2013 NGR Trading","description":"Skapa v\u00e4rde genom transparenta, h\u00e5llbara och effektiva materialtransaktioner."},"footnotes":""},"class_list":["post-3203","page","type-page","status-publish","hentry"],"_links":{"self":[{"href":"https:\/\/ngr-backup.viljamedia.com\/sv\/wp-json\/wp\/v2\/pages\/3203","targetHints":{"allow":["GET"]}}],"collection":[{"href":"https:\/\/ngr-backup.viljamedia.com\/sv\/wp-json\/wp\/v2\/pages"}],"about":[{"href":"https:\/\/ngr-backup.viljamedia.com\/sv\/wp-json\/wp\/v2\/types\/page"}],"author":[{"embeddable":true,"href":"https:\/\/ngr-backup.viljamedia.com\/sv\/wp-json\/wp\/v2\/users\/1"}],"replies":[{"embeddable":true,"href":"https:\/\/ngr-backup.viljamedia.com\/sv\/wp-json\/wp\/v2\/comments?post=3203"}],"version-history":[{"count":3,"href":"https:\/\/ngr-backup.viljamedia.com\/sv\/wp-json\/wp\/v2\/pages\/3203\/revisions"}],"predecessor-version":[{"id":3209,"href":"https:\/\/ngr-backup.viljamedia.com\/sv\/wp-json\/wp\/v2\/pages\/3203\/revisions\/3209"}],"wp:attachment":[{"href":"https:\/\/ngr-backup.viljamedia.com\/sv\/wp-json\/wp\/v2\/media?parent=3203"}],"curies":[{"name":"wp","href":"https:\/\/api.w.org\/{rel}","templated":true}]}}