{"id":3201,"date":"2025-10-13T11:49:19","date_gmt":"2025-10-13T08:49:19","guid":{"rendered":"https:\/\/ngr-backup.viljamedia.com\/atervinning-for-framtiden\/"},"modified":"2025-10-31T02:18:07","modified_gmt":"2025-10-31T00:18:07","slug":"recycling","status":"publish","type":"page","link":"https:\/\/ngr-backup.viljamedia.com\/sv\/recycling\/","title":{"rendered":"\u00c5tervinning f\u00f6r framtiden"},"content":{"rendered":"<section data-etch-element=\"section\" class=\"hero\"><figure style=\"--overlay-color: linear-gradient(to right, var(--base-semi-dark), var(--white)); --overlay-opacity: 80%; --overlay-color-mobile: linear-gradient(to right, var(--base-semi-dark), var(--base-semi-light)); --overlay-opacity-mobile: 60%;\" data-has-overlay=\"true\" class=\"background-image\"><img decoding=\"async\" src=\"https:\/\/ngr-backup.viljamedia.com\/wp-content\/uploads\/2025\/06\/DSC08381.webp\" alt class=\"background-image__img\" src=\"https:\/\/ngr-backup.viljamedia.com\/wp-content\/uploads\/2025\/06\/DSC08381.webp\" alt=\"\" \/><\/figure><div data-etch-element=\"container\" class=\"hero__inner\"><div data-etch-element=\"container\" data-intro-style=\"Center\" class=\"section-intro\"><div data-etch-element=\"flex-div\" class=\"section-intro__content-wrapper\"><h2 class=\"section-intro__heading\">\u00c5tervinning av material f\u00f6r cirkul\u00e4r ekonomi<\/h2><p class=\"section-intro__headline h1\">\u00c5tervinning f\u00f6r framtiden \u2013 Gr\u00f6nare. Sn\u00e4llare. B\u00e4ttre<\/p><\/div><div class=\"section-intro__cta-wrapper\"><a href=\"\/kontakt\" class=\"section-intro__cta-primary btn--primary\">Kontakta oss<\/a><\/div><\/div><\/div><\/section><section data-etch-element=\"section\" class=\"ngr-intro\"><div data-etch-element=\"container\" class=\"ngr-intro__container\"><div data-etch-element=\"flex-div\" class=\"ngr-intro__intro-wrapper\"><figure class=\"ngr-intro__icon-wrapper\"><img decoding=\"async\" src=\"https:\/\/ngr-backup.viljamedia.com\/wp-content\/uploads\/2025\/10\/NGRG-symbol-recycling.webp\" alt class=\"ngr-intro__icon\" src=\"https:\/\/ngr-backup.viljamedia.com\/wp-content\/uploads\/2025\/10\/NGRG-symbol-recycling.webp\" alt=\"\" \/><\/figure><h2 class=\"ngr-intro__heading\">NGR<br class=\"ngr-intro__br\"\/><span class=\"subheading-accent-2 ngr-intro__span\">Recycling<\/span><\/h2><\/div><div data-etch-element=\"flex-div\" class=\"ngr-intro__content-wrapper\"><p class=\"ngr-intro__lede\">NGR Recycling utvecklar v\u00e5ra \u00e5tervinningshubbar och driver expansion.<\/p><p class=\"ngr-intro__text\"><strong>NGR Recycling utvecklar och driver moderna \u00e5tervinningshubbar med ett tydligt syfte: att ta tillvara material, \u00e5teruppbygga v\u00e4rden och m\u00f6jligg\u00f6ra den cirkul\u00e4ra omst\u00e4llningen. <\/strong><span style=\"font-weight: 400;\">V\u00e5rt strategiskt placerade HUB 28 hanterar material som plast, metall och industriella restprodukter. Varje anl\u00e4ggning \u00e4r optimerad f\u00f6r sp\u00e5rbarhet, s\u00e4kerhet och skalbarhet.<\/span><\/p><p class=\"ngr-intro__text\">Vi investerar i effektiv sortering, automatisering och datadrivna processer f\u00f6r att maximera \u00e5tervinningen och minimera milj\u00f6p\u00e5verkan.  Genom r\u00e4tt hantering och effektiva processer skapar vi attraktiva produkter som har samh\u00e4llsnytta och l\u00e5g klimatp\u00e5verkan b\u00e5de f\u00f6r s\u00e4ljare och k\u00f6pare. Genom att \u00e5tervinna v\u00e4rdefulla material och minska utsl\u00e4ppen hj\u00e4lper NGR Recycling industrin att sluta cirkeln och uppn\u00e5 konkreta h\u00e5llbarhetsm\u00e5l.<\/p><div data-etch-element=\"flex-div\" class=\"ngr-intro__cta-wrapper\"><a href=\"#news\" class=\"btn--primary\">Nyheter<\/a><a href=\"#about\" class=\"btn--primary\">Om oss<\/a><a href=\"#services\" class=\"btn--primary\">Tj\u00e4nster<\/a><\/div><\/div><\/div><\/section><section data-etch-element=\"section\" class=\"about-ngr-recycling\" id=\"about\"><div data-etch-element=\"container\" class=\"about-ngr-recycling__intro\"><h2 class=\"about-ngr-recycling__heading\">Om NGR Recycling<\/h2><\/div><div data-etch-element=\"container\" class=\"about-ngr-recycling__container\"><div class=\"grid-component\" style=\"--column-count: 2; --min: 350px; --gap: var(--grid-gap, 1em); --grid-columns: repeat(auto-fill, minmax(var(--min-formula), 1fr));\"><figure data-etch-element=\"flex-div\" class=\"about-ngr-recycling__media-wrapper\"><img decoding=\"async\" src=\"https:\/\/ngr-backup.viljamedia.com\/wp-content\/uploads\/2025\/10\/strategi-grafik-03-2025.webp\" alt class=\"about-ngr-recycling__image\" src=\"https:\/\/ngr-backup.viljamedia.com\/wp-content\/uploads\/2025\/10\/strategi-grafik-03-2025.webp\" alt=\"\" \/><\/figure><div data-etch-element=\"flex-div\" class=\"about-ngr-recycling__content-wrapper ngr__content-card\"><p class=\"about-ngr-recycling__lede ngr__lede\">NGR Recycling utvecklar och driver moderna \u00e5tervinningshubbar med ett tydligt syfte: att ta tillvara material, \u00e5teruppbygga v\u00e4rden och m\u00f6jligg\u00f6ra den cirkul\u00e4ra omst\u00e4llningen. <\/p><p class=\"about-ngr-recycling__text\">V\u00e5rt strategiskt placerade HUB 28 hanterar material som plast, metall och industriella restprodukter. Varje anl\u00e4ggning \u00e4r optimerad f\u00f6r sp\u00e5rbarhet, s\u00e4kerhet och skalbarhet. <\/p><p class=\"about-ngr-recycling__text\">Vi investerar i effektiv sortering, automatisering och datadrivna processer f\u00f6r att maximera \u00e5tervinningen och minimera milj\u00f6p\u00e5verkan. Genom r\u00e4tt hantering och effektiva processer skapar vi attraktiva produkter som har samh\u00e4llsnytta och l\u00e5g klimatp\u00e5verkan b\u00e5de f\u00f6r s\u00e4ljare och k\u00f6pare. <\/p><p class=\"about-ngr-recycling__text\">Genom att \u00e5tervinna v\u00e4rdefulla material och minska utsl\u00e4ppen hj\u00e4lper NGR Recycling industrin att sluta cirkeln och uppn\u00e5 konkreta h\u00e5llbarhetsm\u00e5l. <\/p><\/div><\/div><\/div><\/section><section data-etch-element=\"section\"><div class=\"background-video\" style=\"--overlay-color: var(--primary); --overlay-opacity: 50%;\"><video autoplay=\"autoplay\" muted=\"muted\" loop=\"loop\" class=\"background-video__video\"><source src=\"https:\/\/vimeo.com\/1130112026\" type=\"video\/mp4\" class=\"background-video__source\"><\/source><\/video><\/div><div data-etch-element=\"container\" class=\"ngr-buy-sell__container\"><div class=\"grid-component\" style=\"--column-count: 2; --min: 240px; --gap: var(--container-gap); --grid-columns: repeat(auto-fill, minmax(var(--min-formula), 1fr));\"><div data-etch-element=\"flex-div\" class=\"ngr-buy-sell__content-wrapper\"><figure class=\"ngr-buy-sell__media-wrapper\"><img decoding=\"async\" src=\"https:\/\/ngr-backup.viljamedia.com\/wp-content\/uploads\/2024\/04\/pilar-gra.png\" alt src=\"https:\/\/ngr-backup.viljamedia.com\/wp-content\/uploads\/2024\/04\/pilar-gra.png\" alt=\"\" \/><\/figure><h2>NGR k\u00f6per:<\/h2><div><p>Material f\u00f6r energiproduktion<\/p><p>\u00c5tervinningsbara material<\/p><p>\u00c5teranv\u00e4ndbara material<\/p><\/div><\/div><div data-etch-element=\"flex-div\" class=\"ngr-buy-sell__content-wrapper\"><figure class=\"ngr-buy-sell__media-wrapper\"><img decoding=\"async\" src=\"https:\/\/ngr-backup.viljamedia.com\/wp-content\/uploads\/2024\/04\/pilar-gron.png\" alt src=\"https:\/\/ngr-backup.viljamedia.com\/wp-content\/uploads\/2024\/04\/pilar-gron.png\" alt=\"\" \/><\/figure><h2>NGR s\u00e4ljer:<\/h2><div><p>F\u00f6r\u00e4dlade material f\u00f6r energiproduktion<\/p><p>R\u00e5material f\u00f6r nya produkter<\/p><p>Material f\u00f6r \u00e5teranv\u00e4ndning<\/p><\/div><\/div><\/div><\/div><\/section><section data-etch-element=\"section\" class=\"services-section\" id=\"services\"><div data-etch-element=\"container\" class=\"services-section__intro\"><h2 class=\"services-section__main-heading\">Tj\u00e4nster<\/h2><\/div><div data-etch-element=\"container\" class=\"services-section__inner\"><div class=\"grid-component\" style=\"--column-count: 2; --min: 360px; --gap: var(--grid-gap, 1em); --grid-columns: repeat(auto-fill, minmax(var(--min-formula), 1fr));\"><div data-etch-element=\"flex-div\" class=\"services-section__content-wrapper ngr__content-card\"><h3 class=\"services-section__heading\">Recycling HUB<\/h3><p class=\"ngr__lede\">NGR Recycling utvecklar och driver moderna \u00e5tervinningshubbar med ett tydligt syfte: att ta tillvara material, \u00e5teruppbygga v\u00e4rden och m\u00f6jligg\u00f6ra den cirkul\u00e4ra omst\u00e4llningen. <\/p><p>V\u00e5rt strategiskt placerade HUB 28 hanterar material som plast, metall och industriella restprodukter. Varje anl\u00e4ggning \u00e4r optimerad f\u00f6r sp\u00e5rbarhet, s\u00e4kerhet och skalbarhet. <\/p><p>Vi investerar i effektiv sortering, automatisering och datadrivna processer f\u00f6r att maximera \u00e5tervinningen och minimera milj\u00f6p\u00e5verkan. Genom r\u00e4tt hantering och effektiva processer skapar vi attraktiva produkter som har samh\u00e4llsnytta och l\u00e5g klimatp\u00e5verkan b\u00e5de f\u00f6r s\u00e4ljare och k\u00f6pare. <\/p><p>Genom att \u00e5tervinna v\u00e4rdefulla material och minska utsl\u00e4ppen hj\u00e4lper NGR Recycling industrin att sluta cirkeln och uppn\u00e5 konkreta h\u00e5llbarhetsm\u00e5l. <\/p><\/div><div data-etch-element=\"flex-div\" class=\"services-section__content-wrapper ngr__content-card\"><h3 class=\"services-section__heading\">Recycling Partners<\/h3><p class=\"ngr__lede\">V\u00e5r lokala \u00e5tervinningsanl\u00e4ggning fokuserar p\u00e5 insamling och bearbetning av material i samarbete med v\u00e5ra partners.<\/p><h4 class=\"services-section__heading\">V\u00e5ra m\u00e5l \u00e4r:<\/h4><ul class=\"services-section__list\"><li class=\"services-section__list-item\"><p class=\"services-section__list-item-number\">1<\/p> Att maximera \u00e5tervinningen och minimera avfallet genom effektiva processer. <\/li><li class=\"services-section__list-item\"><p class=\"services-section__list-item-number\">2<\/p> Att skapa l\u00e5ngsiktiga l\u00f6sningar f\u00f6r \u00e5teranv\u00e4ndning av material. <\/li><li class=\"services-section__list-item\"><p class=\"services-section__list-item-number\">3<\/p> Att vara en p\u00e5litlig partner f\u00f6r f\u00f6retag, kommuner och branschakt\u00f6rer. <\/li><\/ul><\/div><\/div><div data-etch-element=\"flex-div\" class=\"services-section__content-wrapper ngr__content-card\" id=\"etch-5tknjd6\"><h3 class=\"services-section__heading\">Material<\/h3><p class=\"ngr__lede services-section__text\">NGR Recycling utvecklar och driver moderna \u00e5tervinningshubbar med ett tydligt syfte: att ta tillvara material, \u00e5teruppbygga v\u00e4rden och m\u00f6jligg\u00f6ra den cirkul\u00e4ra omst\u00e4llningen.<\/p><p class=\"services-section__text\"><span style=\"font-weight: 400;\"><strong>V\u00e5rt strategiskt placerade<\/strong> HUB 28 hanterar material som plast, metall och industriella restprodukter. Varje anl\u00e4ggning \u00e4r optimerad f\u00f6r sp\u00e5rbarhet, s\u00e4kerhet och skalbarhet.<\/span><\/p><p class=\"services-section__text\"><strong>Vi investerar i<\/strong> effektiv sortering, automatisering och datadrivna processer f\u00f6r att maximera \u00e5tervinningen och minimera milj\u00f6p\u00e5verkan.&nbsp; Genom r\u00e4tt hantering och effektiva processer skapar vi attraktiva produkter som har samh\u00e4llsnytta och l\u00e5g klimatp\u00e5verkan b\u00e5de f\u00f6r s\u00e4ljare och k\u00f6pare.<\/p><p class=\"services-section__text\"><span style=\"font-weight: 400;\"><strong>Genom att \u00e5tervinna<\/strong> v\u00e4rdefulla material och minska utsl\u00e4ppen hj\u00e4lper NGR Recycling industrin att sluta cirkeln och uppn\u00e5 konkreta h\u00e5llbarhetsm\u00e5l.<\/span><\/p><\/div><\/div><div data-etch-element=\"container\" class=\"services-section__footer\"><div class=\"services-section__cta-wrapper\"><a href=\"https:\/\/ngr-backup.viljamedia.com\/wp-content\/uploads\/2025\/05\/www_prislista_SWE_28042025.pdf\" class=\"btn--primary\">Prislista NGR Group Ab (pdf)<\/a><a href=\"https:\/\/ngr-backup.viljamedia.com\/wp-content\/uploads\/2024\/04\/Allmanna-leveransvillkor.pdf\" class=\"btn--primary\">Leveransvillkor NGR Group Ab (pdf)<\/a><\/div><\/div><\/section><section data-etch-element=\"section\" class=\"division-news-section\" id=\"news\"><div data-etch-element=\"container\" class=\"news-section__intro\"><h2 class=\"news-section__heading\">Nyheter fr\u00e5n NGR Recycling<\/h2><\/div><div data-etch-element=\"container\" class=\"division-news-section__container\"><\/div><\/section>","protected":false},"excerpt":{"rendered":"<p>NGRRecycling NGR Recycling utvecklar v\u00e5ra \u00e5tervinningshubbar och driver expansion. NGR Recycling utvecklar och driver moderna \u00e5tervinningshubbar med ett tydligt syfte: att ta tillvara material, \u00e5teruppbygga v\u00e4rden och m\u00f6jligg\u00f6ra den cirkul\u00e4ra omst\u00e4llningen. V\u00e5rt strategiskt placerade HUB 28 hanterar material som plast, metall och industriella restprodukter. Varje anl\u00e4ggning \u00e4r optimerad f\u00f6r sp\u00e5rbarhet, s\u00e4kerhet och skalbarhet. Vi investerar [&hellip;]<\/p>\n","protected":false},"author":1,"featured_media":0,"parent":0,"menu_order":0,"comment_status":"closed","ping_status":"closed","template":"","meta":{"inline_featured_image":false,"slim_seo":{"title":"\u00c5tervinning f\u00f6r framtiden \u2013 NGR Recycling","description":"\u00c5tervinn och bygg upp igen med effektiva, sp\u00e5rbara fl\u00f6den."},"footnotes":""},"class_list":["post-3201","page","type-page","status-publish","hentry"],"_links":{"self":[{"href":"https:\/\/ngr-backup.viljamedia.com\/sv\/wp-json\/wp\/v2\/pages\/3201","targetHints":{"allow":["GET"]}}],"collection":[{"href":"https:\/\/ngr-backup.viljamedia.com\/sv\/wp-json\/wp\/v2\/pages"}],"about":[{"href":"https:\/\/ngr-backup.viljamedia.com\/sv\/wp-json\/wp\/v2\/types\/page"}],"author":[{"embeddable":true,"href":"https:\/\/ngr-backup.viljamedia.com\/sv\/wp-json\/wp\/v2\/users\/1"}],"replies":[{"embeddable":true,"href":"https:\/\/ngr-backup.viljamedia.com\/sv\/wp-json\/wp\/v2\/comments?post=3201"}],"version-history":[{"count":2,"href":"https:\/\/ngr-backup.viljamedia.com\/sv\/wp-json\/wp\/v2\/pages\/3201\/revisions"}],"predecessor-version":[{"id":3205,"href":"https:\/\/ngr-backup.viljamedia.com\/sv\/wp-json\/wp\/v2\/pages\/3201\/revisions\/3205"}],"wp:attachment":[{"href":"https:\/\/ngr-backup.viljamedia.com\/sv\/wp-json\/wp\/v2\/media?parent=3201"}],"curies":[{"name":"wp","href":"https:\/\/api.w.org\/{rel}","templated":true}]}}