{"id":3199,"date":"2025-10-13T13:20:22","date_gmt":"2025-10-13T10:20:22","guid":{"rendered":"https:\/\/ngr-backup.viljamedia.com\/logistics-effektiva-transporter-for-cirkular-vardag\/"},"modified":"2025-10-31T02:18:54","modified_gmt":"2025-10-31T00:18:54","slug":"logistics","status":"publish","type":"page","link":"https:\/\/ngr-backup.viljamedia.com\/sv\/logistics\/","title":{"rendered":"Logistics \u2013 Effektiva transporter f\u00f6r cirkul\u00e4r vardag"},"content":{"rendered":"<section data-etch-element=\"section\" class=\"hero\"><figure style=\"--overlay-color: linear-gradient(to right, var(--base-semi-dark), var(--white)); --overlay-opacity: 80%; --overlay-color-mobile: linear-gradient(to right, var(--base-semi-dark), var(--base-semi-light)); --overlay-opacity-mobile: 50%;\" data-has-overlay=\"true\" class=\"background-image\"><img decoding=\"async\" src=\"https:\/\/ngr-backup.viljamedia.com\/wp-content\/uploads\/2025\/10\/NGR-Group-2025-web-86-b.webp\" alt class=\"background-image__img\" src=\"https:\/\/ngr-backup.viljamedia.com\/wp-content\/uploads\/2025\/10\/NGR-Group-2025-web-86-b.webp\" alt=\"\" \/><\/figure><div data-etch-element=\"container\" class=\"hero__inner\"><div data-etch-element=\"container\" data-intro-style=\"Center\" class=\"section-intro\"><div data-etch-element=\"flex-div\" class=\"section-intro__content-wrapper\"><h2 class=\"section-intro__heading\">H\u00e5llbara logistik- och transportl\u00f6sningar<\/h2><p class=\"section-intro__headline h1\">Effektiva transporter f\u00f6r cirkul\u00e4r vardag.<\/p><\/div><div class=\"section-intro__cta-wrapper\"><a href=\"\/kontakt\" class=\"section-intro__cta-primary btn--primary\">Ring oss<\/a><\/div><\/div><\/div><\/section><section data-etch-element=\"section\" class=\"ngr-intro\"><div data-etch-element=\"container\" class=\"ngr-intro__container\"><div data-etch-element=\"flex-div\" class=\"ngr-intro__intro-wrapper\"><figure class=\"ngr-intro__icon-wrapper\"><img decoding=\"async\" src=\"https:\/\/ngr-backup.viljamedia.com\/wp-content\/uploads\/2025\/10\/NGRG-symbol-logistics.webp\" alt class=\"ngr-intro__icon\" src=\"https:\/\/ngr-backup.viljamedia.com\/wp-content\/uploads\/2025\/10\/NGRG-symbol-logistics.webp\" alt=\"\" \/><\/figure><h2 class=\"ngr-intro__heading\">NGR<br class=\"ngr-intro__br\"\/><span class=\"subheading-accent-2 ngr-intro__span\">Logistics<\/span><\/h2><\/div><div data-etch-element=\"flex-div\" class=\"ngr-intro__content-wrapper\"><p class=\"ngr-intro__lede\">NGR Logistics hanterar l\u00e5ngv\u00e4ga transporter och bulkfl\u00f6den.<\/p><p class=\"ngr-intro__text\"><span style=\"font-weight: 400;\"><strong>Vi koordinerar l\u00e5ngv\u00e4ga och bulktransporter<\/strong> \u00f6ver regionala och gr\u00e4ns\u00f6verskridande rutter.<\/span><span style=\"font-weight: 400;\"><b>&nbsp;<\/b><\/span><\/p><p class=\"ngr-intro__text\">V\u00e5rt integrerade n\u00e4tverk kopplar samman NGR Recycling, NGR Trading och lokala partners f\u00f6r att synkronisera fl\u00f6den fr\u00e5n insamling till bearbetning och d\u00e4rmed undvika flaskhalsar och minska utsl\u00e4pp.<\/p><div data-etch-element=\"flex-div\" class=\"ngr-intro__cta-wrapper\"><a href=\"#about\" class=\"btn--logistics\">Om oss<\/a><a href=\"#news\" class=\"btn--logistics\">Nyheter<\/a><\/div><\/div><\/div><\/section><section data-etch-element=\"section\" class=\"about-ngr-logistics\" id=\"about\"><div data-etch-element=\"container\" class=\"about-ngr-logistics__intro\"><h2 class=\"about-ngr-logistics__heading\">Om NGR Logistics<\/h2><\/div><div data-etch-element=\"container\" class=\"about-ngr-logistics__container\"><div class=\"grid-component\" style=\"--column-count: 2; --min: 240px; --gap: var(--grid-gap); --grid-columns: repeat(auto-fill, minmax(var(--min-formula), 1fr));\"><div data-etch-element=\"flex-div\" class=\"about-ngr-logistics__content-wrapper\"><p class=\"about-ngr-logistics__lede\">Vi vet hur viktigt timing och samordning \u00e4r i materialfl\u00f6den. <\/p><p class=\"about-ngr-logistics__text\">Oavsett om det handlar om enstaka projekt eller \u00e5terkommande fl\u00f6den \u00e4r v\u00e5ra transportl\u00f6sningar byggda f\u00f6r effektivitet, s\u00e4kerhet och tillf\u00f6rlitlighet. <\/p><p class=\"about-ngr-logistics__text\">Vi koordinerar l\u00e5ngv\u00e4ga och bulktransporter \u00f6ver regionala och gr\u00e4ns\u00f6verskridande rutter. V\u00e5rt integrerade n\u00e4tverk kopplar samman NGR Recycling, NGR Trading och lokala partners f\u00f6r att synkronisera fl\u00f6den fr\u00e5n insamling till bearbetning och d\u00e4rmed undvika flaskhalsar och minska utsl\u00e4pp.<\/p><p class=\"about-ngr-logistics__text\">Varje rutt, fordon och schema planeras med milj\u00f6p\u00e5verkan i \u00e5tanke. Genom att optimera lastning, minska tomk\u00f6rningar och anv\u00e4nda modern fordons\u00adteknik bidrar vi till NGR Groups m\u00e5l om cirkularitet och koldioxidreducering. <\/p><a href=\"#\" class=\"about-ngr-logistics__link btn__read-more\">L\u00e4s mer <svg width=\"16\" height=\"16\" fill=\"currentColor\" class=\"bi bi-arrow-right\" viewBox=\"0 0 16 16\" src=\"https:\/\/ngr-backup.viljamedia.com\/wp-content\/uploads\/2025\/10\/arrow-right.svg\"><path fill-rule=\"evenodd\" d=\"M1 8a.5.5 0 0 1 .5-.5h11.793l-3.147-3.146a.5.5 0 0 1 .708-.708l4 4a.5.5 0 0 1 0 .708l-4 4a.5.5 0 0 1-.708-.708L13.293 8.5H1.5A.5.5 0 0 1 1 8\"><\/path><\/svg> <\/a><\/div><figure data-etch-element=\"flex-div\" class=\"about-ngr-logistics__media-wrapper\"><img decoding=\"async\" src=\"https:\/\/ngr-backup.viljamedia.com\/wp-content\/uploads\/2025\/06\/DSC08381.webp\" alt class=\"about-ngr-logistics__image\" src=\"https:\/\/ngr-backup.viljamedia.com\/wp-content\/uploads\/2025\/06\/DSC08381.webp\" alt=\"\" \/><\/figure><\/div><\/div><\/section><section data-etch-element=\"section\" class=\"division-news-section\" id=\"news\"><div data-etch-element=\"container\" class=\"news-section__intro\"><h2 class=\"news-section__heading\">Nyheter fr\u00e5n NGR Logistics<\/h2><\/div><div data-etch-element=\"container\" class=\"division-news-section__container\"><\/div><\/section>","protected":false},"excerpt":{"rendered":"<p>NGRLogistics NGR Logistics hanterar l\u00e5ngv\u00e4ga transporter och bulkfl\u00f6den. Vi koordinerar l\u00e5ngv\u00e4ga och bulktransporter \u00f6ver regionala och gr\u00e4ns\u00f6verskridande rutter.&nbsp; V\u00e5rt integrerade n\u00e4tverk kopplar samman NGR Recycling, NGR Trading och lokala partners f\u00f6r att synkronisera fl\u00f6den fr\u00e5n insamling till bearbetning och d\u00e4rmed undvika flaskhalsar och minska utsl\u00e4pp. Om oss Nyheter Om NGR Logistics Nyheter fr\u00e5n NGR Logistics [&hellip;]<\/p>\n","protected":false},"author":1,"featured_media":0,"parent":0,"menu_order":0,"comment_status":"closed","ping_status":"closed","template":"","meta":{"inline_featured_image":false,"slim_seo":{"title":"Effektiva transporter f\u00f6r cirkul\u00e4r vardag \u2013 NGR Logistics","description":"P\u00e5litliga, integrerade logistikl\u00f6sningar designade f\u00f6r cirkul\u00e4r slagkraft."},"footnotes":""},"class_list":["post-3199","page","type-page","status-publish","hentry"],"_links":{"self":[{"href":"https:\/\/ngr-backup.viljamedia.com\/sv\/wp-json\/wp\/v2\/pages\/3199","targetHints":{"allow":["GET"]}}],"collection":[{"href":"https:\/\/ngr-backup.viljamedia.com\/sv\/wp-json\/wp\/v2\/pages"}],"about":[{"href":"https:\/\/ngr-backup.viljamedia.com\/sv\/wp-json\/wp\/v2\/types\/page"}],"author":[{"embeddable":true,"href":"https:\/\/ngr-backup.viljamedia.com\/sv\/wp-json\/wp\/v2\/users\/1"}],"replies":[{"embeddable":true,"href":"https:\/\/ngr-backup.viljamedia.com\/sv\/wp-json\/wp\/v2\/comments?post=3199"}],"version-history":[{"count":3,"href":"https:\/\/ngr-backup.viljamedia.com\/sv\/wp-json\/wp\/v2\/pages\/3199\/revisions"}],"predecessor-version":[{"id":3210,"href":"https:\/\/ngr-backup.viljamedia.com\/sv\/wp-json\/wp\/v2\/pages\/3199\/revisions\/3210"}],"wp:attachment":[{"href":"https:\/\/ngr-backup.viljamedia.com\/sv\/wp-json\/wp\/v2\/media?parent=3199"}],"curies":[{"name":"wp","href":"https:\/\/api.w.org\/{rel}","templated":true}]}}