{"id":2158,"date":"2025-10-17T06:57:20","date_gmt":"2025-10-17T03:57:20","guid":{"rendered":"https:\/\/ngr-backup.viljamedia.com\/ny-startsida\/"},"modified":"2025-10-31T02:19:22","modified_gmt":"2025-10-31T00:19:22","slug":"hem-2","status":"publish","type":"page","link":"https:\/\/ngr-backup.viljamedia.com\/sv\/","title":{"rendered":"Startsida"},"content":{"rendered":"<section data-etch-element=\"section\" class=\"hero\"><figure style=\"--overlay-color: linear-gradient(to right, var(--base-semi-dark), var(--white)); --overlay-opacity: 50%; --overlay-color-mobile: linear-gradient(to right, var(--base-semi-dark), var(--base-light)); --overlay-opacity-mobile: 50%;\" data-has-overlay=\"true\" class=\"background-image\"><img decoding=\"async\" src=\"https:\/\/ngr-backup.viljamedia.com\/wp-content\/uploads\/2025\/10\/NGR-Group-2025-web-61.webp\" alt class=\"background-image__img\" src=\"https:\/\/ngr-backup.viljamedia.com\/wp-content\/uploads\/2025\/10\/NGR-Group-2025-web-61.webp\" alt=\"\" \/><\/figure><div class=\"background-video\" style=\"--overlay-color: linear-gradient(to right, var(--base-semi-dark), var(--white)); --overlay-opacity: 50%;\"><video autoplay=\"autoplay\" muted=\"muted\" loop=\"loop\" class=\"background-video__video\"><source src=\"https:\/\/player.vimeo.com\/progressive_redirect\/playback\/1130112026\/rendition\/1080p\/file.mp4%20%281080p%29.mp4?loc=external&amp;log_user=0&amp;signature=fb43ebdb238bd986873433342f5a16af617166316287535c9867de9992bfc1b6\" type=\"video\/mp4\" class=\"background-video__source\"><\/source><\/video><div data-etch-element=\"flex-div\" class=\"background-video__overlay\"><\/div><\/div><div data-etch-element=\"container\" class=\"hero__inner\"><div data-etch-element=\"container\" data-intro-style=\"Center\" class=\"section-intro\"><div data-etch-element=\"flex-div\" class=\"section-intro__content-wrapper\"><h2 class=\"section-intro__heading\">Nordiska l\u00f6sningar f\u00f6r \u00e5tervinning, logistik och cirkul\u00e4r ekonomi<\/h2><p class=\"section-intro__headline h1\">En vardag mot det b\u00e4ttre. F\u00f6lj med p\u00e5 v\u00e5r resa. <\/p><\/div><div class=\"section-intro__cta-wrapper\"><a href=\"\/kontakt\" class=\"section-intro__cta-primary btn--primary\">Kontakta oss<\/a><\/div><\/div><\/div><\/section><section data-etch-element=\"section\" class=\"divisions-overview\"><div data-etch-element=\"container\" class=\"divisions-overview__inner\"><div data-etch-element=\"flex-div\" class=\"divisions-overview__left-wrapper\"><h3 class=\"divisions-overview__title\">NGR Group<\/h3><p class=\"divisions-overview__lede\">\u00e4r en nordisk partner f\u00f6r cirkul\u00e4r utveckling som f\u00f6renar \u00e5tervinning, logistik och handel under en gemensam vision. Vi skapar effektiva materialfl\u00f6den som gynnar b\u00e5de n\u00e4ringslivet och milj\u00f6n.<\/p><\/div><div data-etch-element=\"flex-div\" class=\"divisions-overview__right-wrapper\"><ul class=\"grid-component\" style=\"--column-count: 3; --min: 245px; --gap: 10px; --grid-columns: repeat(auto-fill, minmax(var(--min-formula), 1fr));\"><a href=\"\/recycling\" class=\"divisions-overview__division-card\"><h4 class=\"divisions-overview__heading\">NGR<br\/><span class=\"subheading-accent\">Recycling<\/span><\/h4><p class=\"divisions-overview__description\">Utvecklar v\u00e5ra \u00e5tervinningshubbar och driver expansion.<\/p><div href=\"\/recycling\" class=\"divisions-overview__link btn__read-more\"><p class=\"divisions-overview__link-text\">L\u00e4s mer<\/p> <svg width=\"16\" height=\"16\" fill=\"currentColor\" class=\"bi bi-arrow-right\" viewBox=\"0 0 16 16\" src=\"https:\/\/ngr-backup.viljamedia.com\/wp-content\/uploads\/2025\/10\/arrow-right.svg\"><path fill-rule=\"evenodd\" d=\"M1 8a.5.5 0 0 1 .5-.5h11.793l-3.147-3.146a.5.5 0 0 1 .708-.708l4 4a.5.5 0 0 1 0 .708l-4 4a.5.5 0 0 1-.708-.708L13.293 8.5H1.5A.5.5 0 0 1 1 8\"><\/path><\/svg> <\/div><\/a><a href=\"\/logistics\" class=\"divisions-overview__division-card\"><h4 class=\"divisions-overview__heading\">NGR<br\/><span class=\"subheading-accent\">Logistics<\/span><\/h4><p class=\"divisions-overview__description\">Hanterar l\u00e5ngv\u00e4ga transporter och bulkfl\u00f6den.<\/p><div href=\"\/logistics\" class=\"divisions-overview__link btn__read-more\"><p class=\"divisions-overview__link-text\">L\u00e4s mer<\/p> <svg width=\"16\" height=\"16\" fill=\"currentColor\" class=\"bi bi-arrow-right\" viewBox=\"0 0 16 16\" src=\"https:\/\/ngr-backup.viljamedia.com\/wp-content\/uploads\/2025\/10\/arrow-right.svg\"><path fill-rule=\"evenodd\" d=\"M1 8a.5.5 0 0 1 .5-.5h11.793l-3.147-3.146a.5.5 0 0 1 .708-.708l4 4a.5.5 0 0 1 0 .708l-4 4a.5.5 0 0 1-.708-.708L13.293 8.5H1.5A.5.5 0 0 1 1 8\"><\/path><\/svg> <\/div><\/a><a href=\"\/trading\" class=\"divisions-overview__division-card\"><h4 class=\"divisions-overview__heading\">NGR<br\/><span class=\"subheading-accent\">Trading<\/span><\/h4><p class=\"divisions-overview__description\">Skapar nya m\u00f6jligheter genom smart materialhandel och digital plattform.<\/p><div href=\"\/trading\" class=\"divisions-overview__link btn__read-more\"><p class=\"divisions-overview__link-text\">L\u00e4s mer<\/p> <svg width=\"16\" height=\"16\" fill=\"currentColor\" class=\"bi bi-arrow-right\" viewBox=\"0 0 16 16\" src=\"https:\/\/ngr-backup.viljamedia.com\/wp-content\/uploads\/2025\/10\/arrow-right.svg\"><path fill-rule=\"evenodd\" d=\"M1 8a.5.5 0 0 1 .5-.5h11.793l-3.147-3.146a.5.5 0 0 1 .708-.708l4 4a.5.5 0 0 1 0 .708l-4 4a.5.5 0 0 1-.708-.708L13.293 8.5H1.5A.5.5 0 0 1 1 8\"><\/path><\/svg> <\/div><\/a><\/ul><\/div><\/div><div data-etch-element=\"container\" class=\"ngr-ecosystem__container\"><div data-etch-element=\"flex-div\" class=\"ngr-ecosystem__left-wrapper\"><h2 class=\"ngr-ecosystem__heading\">NGR ekosystem<\/h2><div class=\"ngr-ecosystem__text-wrapper\"><p class=\"ngr-ecosystem__text\">NGR Group \u00e4r en kraft som f\u00f6r\u00e4ndrar hur resurser anv\u00e4nds. Genom smart materialhantering, effektiv logistik och h\u00e5llbar handel skapar vi cirkul\u00e4ra fl\u00f6den som g\u00f6r verklig skillnad. \n<\/p><p class=\"ngr-ecosystem__text\">Med ett tydligt h\u00e5llbarhetsfokus och stark tillv\u00e4xtambition bygger vi framtidens cirkul\u00e4ra ekonomi, d\u00e4r avfall blir resurser och d\u00e4r varje beslut bidrar till l\u00e5ngsiktigt v\u00e4rde. Och en b\u00e4ttre framtid. <\/p><\/div><\/div><div class=\"ngr-ecosystem__right-wrapper\"><img decoding=\"async\" src=\"https:\/\/ngr-backup.viljamedia.com\/wp-content\/uploads\/2025\/10\/strategigrafik-2025logo-2.webp\" alt src=\"https:\/\/ngr-backup.viljamedia.com\/wp-content\/uploads\/2025\/10\/strategigrafik-2025logo-2.webp\" alt=\"\" \/><\/div><\/div><\/section><section data-etch-element=\"section\" class=\"about-section\"><div data-etch-element=\"container\" class=\"about-section__inner\"><div class=\"grid-component\" style=\"--column-count: 2; --min: 385px; --gap: var(--container-gap); --grid-columns: repeat(auto-fill, minmax(var(--min-formula), 1fr));\"><div data-etch-element=\"flex-div\" class=\"about-section__left-wrapper\"><h2 class=\"about-section__heading\">Om NGR Group<\/h2><div class=\"about-section__text-wrapper\"><p class=\"about-section__text\"><b>Med en stark grund<\/b> inom \u00e5tervinning, materialhantering och handel skapar vi effektiva fl\u00f6den som ger verkligt v\u00e4rde, b\u00e5de f\u00f6r v\u00e5ra kunder och f\u00f6r milj\u00f6n.<\/p><p class=\"about-section__text\">Drivna av en tydlig vision och en stark ambition att v\u00e4xa forts\u00e4tter vi att utveckla koncernen. V\u00e5r roll \u00e4r att vara en p\u00e5litlig partner som g\u00f6r det enkelt f\u00f6r kunder och samarbetspartners att anamma den cirkul\u00e4ra ekonomin och tillsammans skapa best\u00e5ende v\u00e4rde.<\/p><\/div><div class=\"about-section__cta-wrapper\"><a href=\"\/ngr-group\" class=\"btn--primary\">L\u00e4s mer om NGR Group<\/a><\/div><\/div><div data-etch-element=\"flex-div\" class=\"about-section__right-wrapper\"><figure class=\"about-section__media-wrapper\"><img decoding=\"async\" src=\"https:\/\/ngr-backup.viljamedia.com\/wp-content\/uploads\/2025\/10\/NGR-Group-2025-web-12.webp\" alt class=\"about-section__image\" src=\"https:\/\/ngr-backup.viljamedia.com\/wp-content\/uploads\/2025\/10\/NGR-Group-2025-web-12.webp\" alt=\"\" \/><\/figure><\/div><\/div><\/div><\/section><div class=\"image-divider\" id=\"etch-7tc8ghd\"><figure style=\"--overlay-color: linear-gradient(to right, var(--base-semi-dark), var(--white)); --overlay-opacity: 60%; --overlay-color-mobile: var(--base-semi-dark); --overlay-opacity-mobile: ;\" data-has-overlay=\"true\" class=\"background-image\"><img decoding=\"async\" src=\"https:\/\/ngr-backup.viljamedia.com\/wp-content\/uploads\/2025\/10\/NGR-Group-2025-web-61.webp\" alt class=\"background-image__img\" src=\"https:\/\/ngr-backup.viljamedia.com\/wp-content\/uploads\/2025\/10\/NGR-Group-2025-web-61.webp\" alt=\"\" \/><\/figure><\/div><div class=\"video-divider\" id=\"etch-8vnc7da\"><div style=\"--overlay-color: linear-gradient(to right, var(--base-semi-dark), var(--white))}; --overlay-opacity: 90%;\" class=\"background-video-mobile\"><video autoplay=\"autoplay\" muted=\"muted\" loop=\"loop\" class=\"background-video-mobile__video\"><source src=\"https:\/\/player.vimeo.com\/progressive_redirect\/playback\/1130112026\/rendition\/540p\/file.mp4?loc=external&amp;log_user=0&amp;signature=d15c120a690f9bcb31d9a9f886ef59b5d8d6388a5f441cb1cbee70965f52c266\" type=\"video\/mp4\" class=\"background-video__source\"><\/source><\/video><div data-etch-element=\"flex-div\" class=\"background-video-mobile__overlay\"><\/div><\/div><\/div><section data-etch-element=\"section\" class=\"news-section\"><div data-etch-element=\"container\" class=\"news-section__intro\"><h2 class=\"news-section__heading\">Nyheter &amp; insikter<\/h2><\/div><ul data-etch-element=\"container\" class=\"news-section__news-grid grid--auto-3\"><li data-etch-element=\"flex-div\" class=\"news-section__news-card\"><div class=\"news-section__meta-wrapper category--allmant\"><p class=\"news-section__division\">Allm\u00e4nt<\/p><p class=\"news-section__date\">17.09.2025<\/p><\/div><h3 class=\"news-section__title\"><a href=\"https:\/\/ngr-backup.viljamedia.com\/sv\/sa-har-sager-eu-om-byggavfall-kommande-ar-fokuserar-cirkulart-byggavfall\/\">S\u00e5 h\u00e4r s\u00e4ger EU om byggavfall: kommande \u00e5r fokuserar cirkul\u00e4rt byggavfall<\/a><\/h3><p class=\"news-section__excerpt\">Bygg- och rivningssektorn \u00e4r en av de st\u00f6rsta resursf\u00f6rbrukarna i EU. Sektorn st\u00e5r f\u00f6r omkring h\u00e4lften av allt material som tas ut ur naturen och&#8230;<\/p><a href=\"https:\/\/ngr-backup.viljamedia.com\/sv\/sa-har-sager-eu-om-byggavfall-kommande-ar-fokuserar-cirkulart-byggavfall\/\" class=\"news-section__link btn__read-more\">L\u00e4s mer <svg width=\"16\" height=\"16\" fill=\"currentColor\" class=\"bi bi-arrow-right\" viewBox=\"0 0 16 16\" src=\"https:\/\/ngr-backup.viljamedia.com\/wp-content\/uploads\/2025\/10\/arrow-right.svg\"><path fill-rule=\"evenodd\" d=\"M1 8a.5.5 0 0 1 .5-.5h11.793l-3.147-3.146a.5.5 0 0 1 .708-.708l4 4a.5.5 0 0 1 0 .708l-4 4a.5.5 0 0 1-.708-.708L13.293 8.5H1.5A.5.5 0 0 1 1 8\"><\/path><\/svg> <\/a><\/li><li data-etch-element=\"flex-div\" class=\"news-section__news-card\"><div class=\"news-section__meta-wrapper category--allmant\"><p class=\"news-section__division\">Allm\u00e4nt<\/p><p class=\"news-section__date\">09.07.2025<\/p><\/div><h3 class=\"news-section__title\"><a href=\"https:\/\/ngr-backup.viljamedia.com\/sv\/byggsektorn-staller-om-vi-ar-redan-dar\/\">Byggsektorn st\u00e4ller om.\u00a0 Vi \u00e4r redan d\u00e4r<\/a><\/h3><p class=\"news-section__excerpt\">Med sitt etablerade arbete inom \u00e5tervinning, sortering och cirkulation av byggmaterial \u00e4r NGR v\u00e4l f\u00f6rberett f\u00f6r f\u00f6r\u00e4ndringen. N\u00e4r lagen kr\u00e4ver klimatdeklarationer och livscykelanalyser (LCA) \u00f6kar&#8230;<\/p><a href=\"https:\/\/ngr-backup.viljamedia.com\/sv\/byggsektorn-staller-om-vi-ar-redan-dar\/\" class=\"news-section__link btn__read-more\">L\u00e4s mer <svg width=\"16\" height=\"16\" fill=\"currentColor\" class=\"bi bi-arrow-right\" viewBox=\"0 0 16 16\" src=\"https:\/\/ngr-backup.viljamedia.com\/wp-content\/uploads\/2025\/10\/arrow-right.svg\"><path fill-rule=\"evenodd\" d=\"M1 8a.5.5 0 0 1 .5-.5h11.793l-3.147-3.146a.5.5 0 0 1 .708-.708l4 4a.5.5 0 0 1 0 .708l-4 4a.5.5 0 0 1-.708-.708L13.293 8.5H1.5A.5.5 0 0 1 1 8\"><\/path><\/svg> <\/a><\/li><li data-etch-element=\"flex-div\" class=\"news-section__news-card\"><div class=\"news-section__meta-wrapper category--allmant\"><p class=\"news-section__division\">Allm\u00e4nt<\/p><p class=\"news-section__date\">18.06.2025<\/p><\/div><h3 class=\"news-section__title\"><a href=\"https:\/\/ngr-backup.viljamedia.com\/sv\/modet-for-det-cirkulara-valet\/\">Modet f\u00f6r det cirkul\u00e4ra valet<\/a><\/h3><p class=\"news-section__excerpt\">Det talas mycket om cirkul\u00e4r ekonomi och s\u00e5 klart finns det strategier, handlingsplaner, kvalitetsstyrning och m\u00e5ls\u00e4ttningar. Men n\u00e5got till beh\u00f6vs:\u00a0 modet att g\u00f6ra p\u00e5 ett&#8230;<\/p><a href=\"https:\/\/ngr-backup.viljamedia.com\/sv\/modet-for-det-cirkulara-valet\/\" class=\"news-section__link btn__read-more\">L\u00e4s mer <svg width=\"16\" height=\"16\" fill=\"currentColor\" class=\"bi bi-arrow-right\" viewBox=\"0 0 16 16\" src=\"https:\/\/ngr-backup.viljamedia.com\/wp-content\/uploads\/2025\/10\/arrow-right.svg\"><path fill-rule=\"evenodd\" d=\"M1 8a.5.5 0 0 1 .5-.5h11.793l-3.147-3.146a.5.5 0 0 1 .708-.708l4 4a.5.5 0 0 1 0 .708l-4 4a.5.5 0 0 1-.708-.708L13.293 8.5H1.5A.5.5 0 0 1 1 8\"><\/path><\/svg> <\/a><\/li><\/ul><\/section><section data-etch-element=\"section\" class=\"content-alpha\"><div data-etch-element=\"container\" class=\"content-alpha__container\"><div class=\"grid-component\" style=\"--column-count: 2; --min: 360px; --gap: var(--container-gap); --grid-columns: repeat(auto-fill, minmax(var(--min-formula), 1fr));\"><div data-etch-element=\"flex-div\" class=\"content-alpha__content-wrapper\"><h2 class=\"content-alpha__heading\">Utvecklingsprojekt<\/h2><div class=\"content-alpha__text-wrapper\"><p class=\"content-alpha__text\"><b>Inom projektet<\/b> \u201dUtveckling av aff\u00e4rsmodell och digitala l\u00f6sningar f\u00f6r cirkul\u00e4r ekonomi i \u00d6sterbotten\u201d kommer utveckling av digitala verktyg, processer och produkter f\u00f6r material\u00e5tervinning och \u00e5teranv\u00e4ndning att genomf\u00f6ras under ledning av NGR Group Ab. M\u00e5let \u00e4r att verktygen och processerna ska kunna anv\u00e4ndas i st\u00f6rre skala \u00e4ven nationellt och internationellt.<\/p><\/div><\/div><figure data-etch-element=\"flex-div\" class=\"content-alpha__media-wrapper\"><img decoding=\"async\" src=\"https:\/\/ngr-backup.viljamedia.com\/wp-content\/uploads\/2025\/10\/strategi-grafik-03-2025.webp\" alt class=\"content-alpha__image\" src=\"https:\/\/ngr-backup.viljamedia.com\/wp-content\/uploads\/2025\/10\/strategi-grafik-03-2025.webp\" alt=\"\" \/><\/figure><\/div><\/div><\/section><section data-etch-element=\"section\" class=\"content-alpha\"><div data-etch-element=\"container\" class=\"content-alpha__container\"><div class=\"grid-component\" style=\"--column-count: 2; --min: 360px; --gap: var(--container-gap); --grid-columns: repeat(auto-fill, minmax(var(--min-formula), 1fr));\"><figure data-etch-element=\"flex-div\" class=\"content-alpha__media-wrapper\"><img decoding=\"async\" src=\"https:\/\/ngr-backup.viljamedia.com\/wp-content\/uploads\/2025\/10\/Recycling-station-ngr.webp\" alt class=\"content-alpha__image\" src=\"https:\/\/ngr-backup.viljamedia.com\/wp-content\/uploads\/2025\/10\/Recycling-station-ngr.webp\" alt=\"\" \/><\/figure><div data-etch-element=\"flex-div\" class=\"content-alpha__content-wrapper-alt\"><h2 class=\"content-alpha__heading\">\u00c5tervinningsstation<\/h2><div class=\"content-alpha__text-wrapper\"><p class=\"content-alpha__text\"><b>Byggande av en<\/b> \u00e5tervinningsstation och fr\u00e4mjande av cirkul\u00e4r ekonomi genom effektiv anv\u00e4ndning av restmaterial och avfall i \u00d6sterbotten.<\/p><p class=\"content-alpha__text\"><b>M\u00e5let n\u00e4r projektet<\/b> \u00e4r klart \u00e4r att kunna minska milj\u00f6p\u00e5verkan och minska anv\u00e4ndningen av nya material.<\/p><\/div><\/div><\/div><\/div><\/section><section data-etch-element=\"section\" class=\"cta-alpha\"><div data-etch-element=\"container\" class=\"cta-alpha__inner\"><h2 class=\"cta-alpha__heading\">Vi jobbar g\u00e4rna med dig, om du tror p\u00e5: <\/h2><div data-etch-element=\"flex-div\" class=\"cta-alpha__content-wrapper\"><p class=\"cta-alpha__text\">L\u00e5ngsiktiga partnerskap<\/p><p class=\"cta-alpha__text\">Flexibilitet och skalbarhet<\/p><p class=\"cta-alpha__text\">H\u00e5llbarhet som standard<\/p><p class=\"cta-alpha__text\">P\u00e5litlig och transparent kommunikation<\/p><\/div><\/div><\/section>","protected":false},"excerpt":{"rendered":"<p>NGR Group \u00e4r en nordisk partner f\u00f6r cirkul\u00e4r utveckling som f\u00f6renar \u00e5tervinning, logistik och handel under en gemensam vision. Vi skapar effektiva materialfl\u00f6den som gynnar b\u00e5de n\u00e4ringslivet och milj\u00f6n. NGR ekosystem NGR Group \u00e4r en kraft som f\u00f6r\u00e4ndrar hur resurser anv\u00e4nds. Genom smart materialhantering, effektiv logistik och h\u00e5llbar handel skapar vi cirkul\u00e4ra fl\u00f6den som g\u00f6r [&hellip;]<\/p>\n","protected":false},"author":1,"featured_media":0,"parent":0,"menu_order":0,"comment_status":"closed","ping_status":"closed","template":"","meta":{"inline_featured_image":false,"slim_seo":{"title":"NGR Group \u2013 En vardag mot det b\u00e4ttre","description":"Driver \u00f6verg\u00e5ngen till en cirkul\u00e4r ekonomi genom \u00e5tervinning, logistik och handel."},"footnotes":""},"class_list":["post-2158","page","type-page","status-publish","hentry"],"_links":{"self":[{"href":"https:\/\/ngr-backup.viljamedia.com\/sv\/wp-json\/wp\/v2\/pages\/2158","targetHints":{"allow":["GET"]}}],"collection":[{"href":"https:\/\/ngr-backup.viljamedia.com\/sv\/wp-json\/wp\/v2\/pages"}],"about":[{"href":"https:\/\/ngr-backup.viljamedia.com\/sv\/wp-json\/wp\/v2\/types\/page"}],"author":[{"embeddable":true,"href":"https:\/\/ngr-backup.viljamedia.com\/sv\/wp-json\/wp\/v2\/users\/1"}],"replies":[{"embeddable":true,"href":"https:\/\/ngr-backup.viljamedia.com\/sv\/wp-json\/wp\/v2\/comments?post=2158"}],"version-history":[{"count":10,"href":"https:\/\/ngr-backup.viljamedia.com\/sv\/wp-json\/wp\/v2\/pages\/2158\/revisions"}],"predecessor-version":[{"id":3206,"href":"https:\/\/ngr-backup.viljamedia.com\/sv\/wp-json\/wp\/v2\/pages\/2158\/revisions\/3206"}],"wp:attachment":[{"href":"https:\/\/ngr-backup.viljamedia.com\/sv\/wp-json\/wp\/v2\/media?parent=2158"}],"curies":[{"name":"wp","href":"https:\/\/api.w.org\/{rel}","templated":true}]}}