{"id":549,"date":"2022-08-26T09:29:26","date_gmt":"2022-08-26T06:29:26","guid":{"rendered":"https:\/\/ngr-backup.viljamedia.com\/meista\/"},"modified":"2025-10-31T03:05:57","modified_gmt":"2025-10-31T01:05:57","slug":"ngr-group","status":"publish","type":"page","link":"https:\/\/ngr-backup.viljamedia.com\/fi\/ngr-group\/","title":{"rendered":"Meist\u00e4"},"content":{"rendered":"<section data-etch-element=\"section\" class=\"hero\"><figure style=\"--overlay-color: linear-gradient(to right, var(--base-semi-dark), var(--white)); --overlay-opacity: 80%; --overlay-color-mobile: linear-gradient(to right, var(--base-semi-dark), var(--base-semi-light)); --overlay-opacity-mobile: 50%;\" data-has-overlay=\"true\" class=\"background-image\"><img decoding=\"async\" src=\"https:\/\/ngr-backup.viljamedia.com\/wp-content\/uploads\/2025\/10\/NGR-Group-2025-web.webp\" alt class=\"background-image__img\" src=\"https:\/\/ngr-backup.viljamedia.com\/wp-content\/uploads\/2025\/10\/NGR-Group-2025-web.webp\" alt=\"\" \/><\/figure><div data-etch-element=\"container\" class=\"hero__inner\"><div data-etch-element=\"container\" data-intro-style=\"Center\" class=\"section-intro\"><div data-etch-element=\"flex-div\" class=\"section-intro__content-wrapper\"><h2 class=\"section-intro__heading\">About NGR Group \u2013 Recycling, Logistics and Circular Economy Development in the Nordics<\/h2><p class=\"section-intro__headline h1\">T\u00e4m\u00e4 on NGR Group.<\/p><p class=\"section-intro__lede\">Rakennamme tulevaisuuden kiert\u00e4v\u00e4\u00e4 ajattelua.<\/p><\/div><div class=\"section-intro__cta-wrapper\"><a href=\"\/fi\/yhteystiedot\" class=\"section-intro__cta-primary btn--primary\">Ota yhteytt\u00e4<\/a><\/div><\/div><\/div><\/section><section data-etch-element=\"section\" class=\"content-alpha\"><div data-etch-element=\"container\" class=\"content-alpha__container\"><div class=\"grid-component\" style=\"--column-count: 2; --min: 240px; --gap: var(--container-gap); --grid-columns: repeat(auto-fill, minmax(var(--min-formula), 1fr));\"><div data-etch-element=\"flex-div\" class=\"content-alpha__content-wrapper\"><h2 class=\"content-alpha__heading\">Kasvumme ja visiomme<\/h2><div class=\"content-alpha__text-wrapper\"><p class=\"content-alpha__text\">Vuonna 2022 perustettu Nordic Green Recycling on kehittynyt nopeasti ja ennakoivasti ensimm\u00e4isten toimintavuosiensa aikana. Tulevaisuudessa NGR Group tavoittelee selke\u00e4\u00e4 roolia alan kehityksess\u00e4, kasvua pohjoismaisesta n\u00e4k\u00f6kulmasta sek\u00e4 uusien yhteisty\u00f6mallien luomista, jotka ohjaavat kohti kest\u00e4v\u00e4mp\u00e4\u00e4 liiketoimintaa. <\/p><p class=\"content-alpha__text\">Julkisen sektorin rooli kest\u00e4v\u00e4n kehityksen edist\u00e4misess\u00e4 on erityisen t\u00e4rke\u00e4. Green Deal -tavoitteiden saavuttamiseksi ja kiertotalouden edist\u00e4miseksi kuntien on nopeutettava prosessejaan, joissa kiertotalous ja kierr\u00e4tys ovat keskeisess\u00e4 asemassa. <\/p><\/div><\/div><figure data-etch-element=\"flex-div\" class=\"content-alpha__media-wrapper\"><img decoding=\"async\" src=\"https:\/\/ngr-backup.viljamedia.com\/wp-content\/uploads\/2025\/10\/NGR-Group-2025-web-89.webp\" alt src=\"https:\/\/ngr-backup.viljamedia.com\/wp-content\/uploads\/2025\/10\/NGR-Group-2025-web-89.webp\" alt=\"\" \/><\/figure><\/div><\/div><\/section><section data-etch-element=\"section\" class=\"content-alpha\"><div data-etch-element=\"container\" class=\"content-alpha__container\"><div class=\"grid-component\" style=\"--column-count: 2; --min: 240px; --gap: var(--container-gap); --grid-columns: repeat(auto-fill, minmax(var(--min-formula), 1fr));\"><figure data-etch-element=\"flex-div\" class=\"content-alpha__media-wrapper\"><img decoding=\"async\" src=\"https:\/\/ngr-backup.viljamedia.com\/wp-content\/uploads\/2025\/10\/NGR-Group-2025-web-44.webp\" alt src=\"https:\/\/ngr-backup.viljamedia.com\/wp-content\/uploads\/2025\/10\/NGR-Group-2025-web-44.webp\" alt=\"\" \/><\/figure><div data-etch-element=\"flex-div\" class=\"content-alpha__content-wrapper-alt\"><h2 class=\"content-alpha__heading\">Tiimimme<\/h2><div class=\"content-alpha__text-wrapper\"><p class=\"content-alpha__text\"> Ty\u00f6ntekij\u00e4mme tuovat mukanaan asiantuntemusta kierr\u00e4tyksest\u00e4, logistiikasta, kaupasta ja vastuullisuusjohtamisesta. Yhdist\u00e4mme paikallisen osaamisen pohjoismaiseen ulottuvuuteen, jotta todelliset muutokset olisivat mahdollisia. Teemme tiivist\u00e4 yhteisty\u00f6t\u00e4 teollisuuden toimijoiden, kuntien ja julkisten organisaatioiden kanssa Vaasan seudulla ja koko Pohjolassa \u2013 luodaksemme yhteist\u00e4 arvoa ja pitk\u00e4aikaista vaikuttavuutta. <\/p><\/div><a href=\"\/fi\/yhteystiedot\" class=\"content-alpha__link btn__read-more\">Ota yhteytt\u00e4 <svg width=\"16\" height=\"16\" fill=\"currentColor\" class=\"bi bi-arrow-right\" viewBox=\"0 0 16 16\" src=\"https:\/\/ngr-backup.viljamedia.com\/wp-content\/uploads\/2025\/10\/arrow-right.svg\"><path fill-rule=\"evenodd\" d=\"M1 8a.5.5 0 0 1 .5-.5h11.793l-3.147-3.146a.5.5 0 0 1 .708-.708l4 4a.5.5 0 0 1 0 .708l-4 4a.5.5 0 0 1-.708-.708L13.293 8.5H1.5A.5.5 0 0 1 1 8\"><\/path><\/svg> <\/a><\/div><\/div><\/div><\/section>","protected":false},"excerpt":{"rendered":"","protected":false},"author":1,"featured_media":0,"parent":0,"menu_order":0,"comment_status":"closed","ping_status":"closed","template":"","meta":{"inline_featured_image":false,"slim_seo":{"title":"Kest\u00e4v\u00e4 kehitys ja kiertotalous | NGR Group Pohjanmaa","description":"Kest\u00e4v\u00e4n kehityksen kumppanisi! Edist\u00e4mme vihre\u00e4\u00e4 siirtym\u00e4\u00e4 tehokkaan kierr\u00e4tyksen, j\u00e4tehuollon ja j\u00e4tteenkuljetuksen avulla Pohjanmaalla."},"footnotes":""},"class_list":["post-549","page","type-page","status-publish","hentry"],"_links":{"self":[{"href":"https:\/\/ngr-backup.viljamedia.com\/fi\/wp-json\/wp\/v2\/pages\/549","targetHints":{"allow":["GET"]}}],"collection":[{"href":"https:\/\/ngr-backup.viljamedia.com\/fi\/wp-json\/wp\/v2\/pages"}],"about":[{"href":"https:\/\/ngr-backup.viljamedia.com\/fi\/wp-json\/wp\/v2\/types\/page"}],"author":[{"embeddable":true,"href":"https:\/\/ngr-backup.viljamedia.com\/fi\/wp-json\/wp\/v2\/users\/1"}],"replies":[{"embeddable":true,"href":"https:\/\/ngr-backup.viljamedia.com\/fi\/wp-json\/wp\/v2\/comments?post=549"}],"version-history":[{"count":6,"href":"https:\/\/ngr-backup.viljamedia.com\/fi\/wp-json\/wp\/v2\/pages\/549\/revisions"}],"predecessor-version":[{"id":3271,"href":"https:\/\/ngr-backup.viljamedia.com\/fi\/wp-json\/wp\/v2\/pages\/549\/revisions\/3271"}],"wp:attachment":[{"href":"https:\/\/ngr-backup.viljamedia.com\/fi\/wp-json\/wp\/v2\/media?parent=549"}],"curies":[{"name":"wp","href":"https:\/\/api.w.org\/{rel}","templated":true}]}}