{"id":3197,"date":"2025-10-13T13:20:56","date_gmt":"2025-10-13T10:20:56","guid":{"rendered":"https:\/\/ngr-backup.viljamedia.com\/alykas-materiaalikauppa-ja-digitaalinen-alusta\/"},"modified":"2025-10-31T03:05:57","modified_gmt":"2025-10-31T01:05:57","slug":"trading","status":"publish","type":"page","link":"https:\/\/ngr-backup.viljamedia.com\/fi\/trading\/","title":{"rendered":"\u00c4lyk\u00e4s materiaalikauppa ja digitaalinen alusta"},"content":{"rendered":"<section data-etch-element=\"section\" class=\"hero\"><figure style=\"--overlay-color: linear-gradient(to right, var(--base-semi-dark), var(--base-light)); --overlay-opacity: 30%; --overlay-color-mobile: linear-gradient(to right, var(--base-semi-dark), var(--base-semi-light)); --overlay-opacity-mobile: 50%;\" data-has-overlay=\"true\" class=\"background-image\"><img decoding=\"async\" src=\"https:\/\/ngr-backup.viljamedia.com\/wp-content\/uploads\/2025\/10\/NGR-Group-2025-web-26.webp\" alt class=\"background-image__img\" src=\"https:\/\/ngr-backup.viljamedia.com\/wp-content\/uploads\/2025\/10\/NGR-Group-2025-web-26.webp\" alt=\"\" \/><\/figure><div data-etch-element=\"container\" class=\"hero__inner\"><div data-etch-element=\"container\" data-intro-style=\"Center\" class=\"section-intro\"><div data-etch-element=\"flex-div\" class=\"section-intro__content-wrapper\"><h2 class=\"section-intro__heading\">Circular Material Trading and Digital Marketplace Solutions in the Nordics<\/h2><p class=\"section-intro__headline h1\">Siell\u00e4 miss\u00e4 kierr\u00e4tetyt materiaalit kohtaavat markkinat.<\/p><\/div><div class=\"section-intro__cta-wrapper\"><a href=\"\/fi\/yhteystiedot\" class=\"section-intro__cta-primary btn--primary\">Liity digitaaliseen alustan<\/a><\/div><\/div><\/div><\/section><section data-etch-element=\"section\" class=\"ngr-intro\"><div data-etch-element=\"container\" class=\"ngr-intro__container\"><div data-etch-element=\"flex-div\" class=\"ngr-intro__intro-wrapper\"><figure class=\"ngr-intro__icon-wrapper\"><img decoding=\"async\" src=\"https:\/\/ngr-backup.viljamedia.com\/wp-content\/uploads\/2025\/10\/NGRG-symbol-trading.webp\" alt class=\"ngr-intro__icon\" src=\"https:\/\/ngr-backup.viljamedia.com\/wp-content\/uploads\/2025\/10\/NGRG-symbol-trading.webp\" alt=\"\" \/><\/figure><h2 class=\"ngr-intro__heading\">NGR<br class=\"ngr-intro__br\"\/><span class=\"subheading-accent-2 ngr-intro__span\">Trading<\/span><\/h2><\/div><div data-etch-element=\"flex-div\" class=\"ngr-intro__content-wrapper\"><p class=\"ngr-intro__lede\">NGR Trading luo uusia mahdollisuuksia \u00e4lykk\u00e4\u00e4n materiaalikaupan ja digitaalisen alustan avulla.<\/p><p class=\"ngr-intro__text\"><strong>Alusta yhdist\u00e4\u00e4 ostajat ja myyj\u00e4t, mahdollistaen l\u00e4pin\u00e4kyv\u00e4t, kest\u00e4v\u00e4t ja tehokkaat transaktiot.&nbsp;<\/strong><span style=\"font-weight: 400;\">Seuraamme aktiivisesti trendej\u00e4, materiaalien hintoja ja s\u00e4\u00e4ntely\u00e4 tarjotaksemme asiakkaillemme ajankohtaista tietoa ja kilpailuetua. <\/span><span style=\"font-weight: 400;\">Kaikki kaupank\u00e4ynti tapahtuu sertifioitujen ymp\u00e4rist\u00f6- ja laatustandardien mukaisesti. J\u00e4ljitett\u00e4vyys ja l\u00e4pin\u00e4kyvyys ovat keskeisi\u00e4 jokaisessa liiketoimessa.<\/span><\/p><p class=\"ngr-intro__text\">Yhteisty\u00f6ss\u00e4 tuottajien, kierr\u00e4tt\u00e4jien ja innovaatioverkostojen kanssa rakennamme luottamusta ja vakautta kiertotalouden kaupank\u00e4yntiin.<\/p><div data-etch-element=\"flex-div\" class=\"ngr-intro__cta-wrapper\"><a href=\"#news\" class=\"btn--trading\">Uutiset<\/a><\/div><\/div><\/div><\/section><section data-etch-element=\"section\" class=\"division-news-section\" id=\"news\"><div data-etch-element=\"container\" class=\"news-section__intro\"><h2 class=\"news-section__heading\">Uutiset<\/h2><\/div><div data-etch-element=\"container\" class=\"division-news-section__container\"><\/div><\/section>","protected":false},"excerpt":{"rendered":"<p>NGRTrading NGR Trading luo uusia mahdollisuuksia \u00e4lykk\u00e4\u00e4n materiaalikaupan ja digitaalisen alustan avulla. Alusta yhdist\u00e4\u00e4 ostajat ja myyj\u00e4t, mahdollistaen l\u00e4pin\u00e4kyv\u00e4t, kest\u00e4v\u00e4t ja tehokkaat transaktiot.&nbsp;Seuraamme aktiivisesti trendej\u00e4, materiaalien hintoja ja s\u00e4\u00e4ntely\u00e4 tarjotaksemme asiakkaillemme ajankohtaista tietoa ja kilpailuetua. Kaikki kaupank\u00e4ynti tapahtuu sertifioitujen ymp\u00e4rist\u00f6- ja laatustandardien mukaisesti. J\u00e4ljitett\u00e4vyys ja l\u00e4pin\u00e4kyvyys ovat keskeisi\u00e4 jokaisessa liiketoimessa. Yhteisty\u00f6ss\u00e4 tuottajien, kierr\u00e4tt\u00e4jien ja innovaatioverkostojen [&hellip;]<\/p>\n","protected":false},"author":1,"featured_media":0,"parent":0,"menu_order":0,"comment_status":"closed","ping_status":"closed","template":"","meta":{"inline_featured_image":false,"slim_seo":{"title":"\u00c4lyk\u00e4s materiaalikauppa ja digitaalinen alusta \u2013 NGR Trading","description":"Siell\u00e4 miss\u00e4 kierr\u00e4tetyt materiaalit kohtaavat markkinat"},"footnotes":""},"class_list":["post-3197","page","type-page","status-publish","hentry"],"_links":{"self":[{"href":"https:\/\/ngr-backup.viljamedia.com\/fi\/wp-json\/wp\/v2\/pages\/3197","targetHints":{"allow":["GET"]}}],"collection":[{"href":"https:\/\/ngr-backup.viljamedia.com\/fi\/wp-json\/wp\/v2\/pages"}],"about":[{"href":"https:\/\/ngr-backup.viljamedia.com\/fi\/wp-json\/wp\/v2\/types\/page"}],"author":[{"embeddable":true,"href":"https:\/\/ngr-backup.viljamedia.com\/fi\/wp-json\/wp\/v2\/users\/1"}],"replies":[{"embeddable":true,"href":"https:\/\/ngr-backup.viljamedia.com\/fi\/wp-json\/wp\/v2\/comments?post=3197"}],"version-history":[{"count":2,"href":"https:\/\/ngr-backup.viljamedia.com\/fi\/wp-json\/wp\/v2\/pages\/3197\/revisions"}],"predecessor-version":[{"id":3267,"href":"https:\/\/ngr-backup.viljamedia.com\/fi\/wp-json\/wp\/v2\/pages\/3197\/revisions\/3267"}],"wp:attachment":[{"href":"https:\/\/ngr-backup.viljamedia.com\/fi\/wp-json\/wp\/v2\/media?parent=3197"}],"curies":[{"name":"wp","href":"https:\/\/api.w.org\/{rel}","templated":true}]}}