{"id":3195,"date":"2025-10-13T11:49:19","date_gmt":"2025-10-13T08:49:19","guid":{"rendered":"https:\/\/ngr-backup.viljamedia.com\/kierratyskeskuset-ja-materiaalikierratys\/"},"modified":"2025-10-31T03:05:57","modified_gmt":"2025-10-31T01:05:57","slug":"recycling","status":"publish","type":"page","link":"https:\/\/ngr-backup.viljamedia.com\/fi\/recycling\/","title":{"rendered":"Kierr\u00e4tyskeskuset ja materiaalikierr\u00e4tys"},"content":{"rendered":"<section data-etch-element=\"section\" class=\"hero\"><figure style=\"--overlay-color: linear-gradient(to right, var(--base-semi-dark), var(--white)); --overlay-opacity: 80%; --overlay-color-mobile: linear-gradient(to right, var(--base-semi-dark), var(--base-semi-light)); --overlay-opacity-mobile: 60%;\" data-has-overlay=\"true\" class=\"background-image\"><img decoding=\"async\" src=\"https:\/\/ngr-backup.viljamedia.com\/wp-content\/uploads\/2025\/06\/DSC08381.webp\" alt class=\"background-image__img\" src=\"https:\/\/ngr-backup.viljamedia.com\/wp-content\/uploads\/2025\/06\/DSC08381.webp\" alt=\"\" \/><\/figure><div data-etch-element=\"container\" class=\"hero__inner\"><div data-etch-element=\"container\" data-intro-style=\"Center\" class=\"section-intro\"><div data-etch-element=\"flex-div\" class=\"section-intro__content-wrapper\"><h2 class=\"section-intro__heading\"> Recycling solutions for a circular economy<\/h2><p class=\"section-intro__headline h1\">Kierr\u00e4tyst\u00e4 tulevaisuutta varten.<\/p><\/div><div class=\"section-intro__cta-wrapper\"><a href=\"\/contact\" class=\"section-intro__cta-primary btn--primary\">Ota yhteytt\u00e4<\/a><\/div><\/div><\/div><\/section><section data-etch-element=\"section\" class=\"ngr-intro\"><div data-etch-element=\"container\" class=\"ngr-intro__container\"><div data-etch-element=\"flex-div\" class=\"ngr-intro__intro-wrapper\"><figure class=\"ngr-intro__icon-wrapper\"><img decoding=\"async\" src=\"https:\/\/ngr-backup.viljamedia.com\/wp-content\/uploads\/2025\/10\/NGRG-symbol-recycling.webp\" alt class=\"ngr-intro__icon\" src=\"https:\/\/ngr-backup.viljamedia.com\/wp-content\/uploads\/2025\/10\/NGRG-symbol-recycling.webp\" alt=\"\" \/><\/figure><h2 class=\"ngr-intro__heading\">NGR<br class=\"ngr-intro__br\"\/><span class=\"subheading-accent-2 ngr-intro__span\">Recycling<\/span><\/h2><\/div><div data-etch-element=\"flex-div\" class=\"ngr-intro__content-wrapper\"><p class=\"ngr-intro__lede\">NGR Recycling kehitt\u00e4\u00e4 kierr\u00e4tyskeskuksia ja johtaa laajentumista.<\/p><p class=\"ngr-intro__text\"><strong>NGR Recycling kehitt\u00e4\u00e4 ja yll\u00e4pit\u00e4\u00e4 moderneja kierr\u00e4tyskeskuksia selke\u00e4ll\u00e4 tarkoituksella: hy\u00f6dynt\u00e4\u00e4 materiaaleja, palauttaa arvoa ja mahdollistaa siirtym\u00e4 kohti kiertotaloutta. <\/strong><span style=\"font-weight: 400;\">Strategisesti sijoitettu HUB 28 k\u00e4sittelee materiaaleja, kuten muovia, metallia ja teollisuuden sivutuotteita. Jokainen laitos on optimoitu j\u00e4ljitett\u00e4vyyden, turvallisuuden ja laajennettavuuden n\u00e4k\u00f6kulmasta.<\/span><\/p><p class=\"ngr-intro__text\">Investoimme tehokkaaseen lajitteluun, automaatioon ja datavetoisiin prosesseihin maksimoidaksemme kierr\u00e4tysasteen ja minimoidaksemme ymp\u00e4rist\u00f6vaikutukset. Oikean k\u00e4sittelyn ja tehokkaiden prosessien avulla luomme houkuttelevia tuotteita, joilla on pieni ilmastovaikutus \u2013 sek\u00e4 myyjille ett\u00e4 ostajille.\r\n\r\nKierr\u00e4tt\u00e4m\u00e4ll\u00e4 arvokkaita materiaaleja ja v\u00e4hent\u00e4m\u00e4ll\u00e4 p\u00e4\u00e4st\u00f6j\u00e4 NGR Recycling auttaa teollisuutta sulkemaan kierron ja saavuttamaan konkreettisia vastuullisuustavoitteita.\r\n<\/p><div data-etch-element=\"flex-div\" class=\"ngr-intro__cta-wrapper\"><a href=\"#about\" class=\"ngr-intro__cta-primary btn--primary\">Meist\u00e4<\/a><a href=\"#news\" class=\"btn--primary ngr-intro__cta-secondary\">Uutiset<\/a><a href=\"#services\" class=\"btn--primary ngr-intro__cta-tertiary\">Palvelut<\/a><\/div><\/div><\/div><\/section><section data-etch-element=\"section\" class=\"about-ngr-recycling\" id=\"about\"><div data-etch-element=\"container\" class=\"about-ngr-recycling__intro\"><h2 class=\"about-ngr-recycling__heading\">NGR Recycling<\/h2><\/div><div data-etch-element=\"container\" class=\"about-ngr-recycling__container\"><div class=\"grid-component\" style=\"--column-count: 2; --min: 350px; --gap: var(--grid-gap, 1em); --grid-columns: repeat(auto-fill, minmax(var(--min-formula), 1fr));\"><figure data-etch-element=\"flex-div\" class=\"about-ngr-recycling__media-wrapper\"><img decoding=\"async\" src=\"https:\/\/ngr-backup.viljamedia.com\/wp-content\/uploads\/2025\/10\/strategi-grafik-03-2025.webp\" alt class=\"about-ngr-recycling__image\" src=\"https:\/\/ngr-backup.viljamedia.com\/wp-content\/uploads\/2025\/10\/strategi-grafik-03-2025.webp\" alt=\"\" \/><\/figure><div data-etch-element=\"flex-div\" class=\"about-ngr-recycling__content-wrapper ngr__content-card\"><p class=\"about-ngr-recycling__lede ngr__lede\">NGR Recycling kehitt\u00e4\u00e4 ja yll\u00e4pit\u00e4\u00e4 moderneja kierr\u00e4tyskeskuksia selke\u00e4ll\u00e4 tarkoituksella: hy\u00f6dynt\u00e4\u00e4 materiaaleja, palauttaa arvoa ja mahdollistaa siirtym\u00e4 kohti kiertotaloutta. <\/p><p class=\"about-ngr-recycling__text\">Strategisesti sijoitettu HUB 28 k\u00e4sittelee materiaaleja, kuten muovia, metallia ja teollisuuden sivutuotteita. Jokainen laitos on optimoitu j\u00e4ljitett\u00e4vyyden, turvallisuuden ja laajennettavuuden n\u00e4k\u00f6kulmasta. <\/p><p class=\"about-ngr-recycling__text\"><b>We invest in<\/b> efficient sorting, automation, and data-driven processes to ensure maximum material recovery with minimal environmental footprint.<\/p><p class=\"about-ngr-recycling__text\"><b>Kierr\u00e4tt\u00e4m\u00e4ll\u00e4 arvokkaita materiaaleja ja v\u00e4hent\u00e4m\u00e4ll\u00e4 p\u00e4\u00e4st\u00f6j\u00e4 NGR Recycling auttaa teollisuutta sulkemaan kierron ja saavuttamaan konkreettisia vastuullisuustavoitteita. <\/b><\/p><\/div><\/div><\/div><\/section><section data-etch-element=\"section\"><div class=\"background-video\" style=\"--overlay-color: var(--primary); --overlay-opacity: 50%;\"><video autoplay=\"autoplay\" muted=\"muted\" loop=\"loop\" class=\"background-video__video\"><source src=\"https:\/\/vimeo.com\/1130112026\" type=\"video\/mp4\" class=\"background-video__source\"><\/source><\/video><\/div><div data-etch-element=\"container\" class=\"ngr-buy-sell__container\"><div class=\"grid-component\" style=\"--column-count: 2; --min: 240px; --gap: var(--container-gap); --grid-columns: repeat(auto-fill, minmax(var(--min-formula), 1fr));\"><div data-etch-element=\"flex-div\" class=\"ngr-buy-sell__content-wrapper\"><figure class=\"ngr-buy-sell__media-wrapper\"><img decoding=\"async\" src=\"https:\/\/ngr-backup.viljamedia.com\/wp-content\/uploads\/2024\/04\/pilar-gra.png\" alt src=\"https:\/\/ngr-backup.viljamedia.com\/wp-content\/uploads\/2024\/04\/pilar-gra.png\" alt=\"\" \/><\/figure><h2>NGR ostaa:<\/h2><div><p>Energiantuotannon k\u00e4ytett\u00e4vi\u00e4 materiaaleja<\/p><p>Kierr\u00e4tett\u00e4vi\u00e4 materiaaleja<\/p><p>Uudelleenk\u00e4ytett\u00e4vi\u00e4 materiaaleja<\/p><\/div><\/div><div data-etch-element=\"flex-div\" class=\"ngr-buy-sell__content-wrapper\"><figure class=\"ngr-buy-sell__media-wrapper\"><img decoding=\"async\" src=\"https:\/\/ngr-backup.viljamedia.com\/wp-content\/uploads\/2024\/04\/pilar-gron.png\" alt src=\"https:\/\/ngr-backup.viljamedia.com\/wp-content\/uploads\/2024\/04\/pilar-gron.png\" alt=\"\" \/><\/figure><h2>NGR myy:<\/h2><div><p>Jalostettuja materiaaleja energiantuotantoon<\/p><p>Raaka-aineita uusille tuotteille<\/p><p>Materiaaleja uudelleenk\u00e4ytt\u00f6\u00f6n<\/p><\/div><\/div><\/div><\/div><\/section><section data-etch-element=\"section\" class=\"services-section\" id=\"services\"><div data-etch-element=\"container\" class=\"services-section__intro\"><h2 class=\"services-section__main-heading\">Kierr\u00e4tyspalvelut<\/h2><\/div><div data-etch-element=\"container\" class=\"services-section__inner\"><div class=\"grid-component\" style=\"--column-count: 2; --min: 360px; --gap: var(--grid-gap, 1em); --grid-columns: repeat(auto-fill, minmax(var(--min-formula), 1fr));\"><div data-etch-element=\"flex-div\" class=\"services-section__content-wrapper ngr__content-card\"><h3 class=\"services-section__heading\">Recycling HUB<\/h3><p class=\"ngr__lede\">NGR Recycling kehitt\u00e4\u00e4 ja yll\u00e4pit\u00e4\u00e4 moderneja kierr\u00e4tyskeskuksia selke\u00e4ll\u00e4 tarkoituksella: hy\u00f6dynt\u00e4\u00e4 materiaaleja, palauttaa arvoa ja mahdollistaa siirtym\u00e4 kohti kiertotaloutta. <\/p><p>Strategisesti sijoitettu HUB 28 k\u00e4sittelee materiaaleja, kuten muovia, metallia ja teollisuuden sivutuotteita. Jokainen laitos on optimoitu j\u00e4ljitett\u00e4vyyden, turvallisuuden ja laajennettavuuden n\u00e4k\u00f6kulmasta. <\/p><p>Investoimme tehokkaaseen lajitteluun, automaatioon ja datavetoisiin prosesseihin maksimoidaksemme kierr\u00e4tysasteen ja minimoidaksemme ymp\u00e4rist\u00f6vaikutukset. Oikean k\u00e4sittelyn ja tehokkaiden prosessien avulla luomme houkuttelevia tuotteita, joilla on pieni ilmastovaikutus \u2013 sek\u00e4 myyjille ett\u00e4 ostajille. <\/p><p>Kierr\u00e4tt\u00e4m\u00e4ll\u00e4 arvokkaita materiaaleja ja v\u00e4hent\u00e4m\u00e4ll\u00e4 p\u00e4\u00e4st\u00f6j\u00e4 NGR Recycling auttaa teollisuutta sulkemaan kierron ja saavuttamaan konkreettisia vastuullisuustavoitteita. <\/p><\/div><div data-etch-element=\"flex-div\" class=\"services-section__content-wrapper ngr__content-card\"><h3 class=\"services-section__heading\">Recycling Partners<\/h3><p class=\"ngr__lede\">Paikallinen kierr\u00e4tyslaitoksemme keskittyy materiaalien ker\u00e4\u00e4miseen ja k\u00e4sittelyyn yhteisty\u00f6ss\u00e4 kumppaneidemme kanssa.<\/p><h4 class=\"services-section__heading\">Tavoitteemme ovat:<\/h4><ul class=\"services-section__list\"><li class=\"services-section__list-item\"><p class=\"services-section__list-item-number\">1<\/p> Maksimoida kierr\u00e4tys ja minimoida j\u00e4tteet tehokkaiden prosessien avulla. <\/li><li class=\"services-section__list-item\"><p class=\"services-section__list-item-number\">2<\/p> Luoda pitk\u00e4aikaisia ratkaisuja materiaalien uudelleenk\u00e4ytt\u00f6\u00f6n.<\/li><li class=\"services-section__list-item\"><p class=\"services-section__list-item-number\">3<\/p> Olla luotettava kumppani yrityksille, kunnille ja alan toimijoille.<\/li><\/ul><\/div><\/div><div data-etch-element=\"flex-div\" class=\"services-section__content-wrapper ngr__content-card\" id=\"etch-5tknjd6\"><h3 class=\"services-section__heading\">Kierr\u00e4tysmateriaalit<\/h3><p class=\"ngr__lede services-section__text\">NGR Recycling kehitt\u00e4\u00e4 ja yll\u00e4pit\u00e4\u00e4 moderneja kierr\u00e4tyskeskukset, joilla on selke\u00e4 tarkoitus: materiaalien talteenotto, arvon palauttaminen ja kiertotalouteen siirtyminen.<\/p><p class=\"services-section__text\"><span style=\"font-weight: 400;\"><strong>Strategisesti sijoitetut kierr\u00e4tyskeskuset<\/strong>&nbsp;k\u00e4sittelee materiaaleja, kuten muovia, metallia ja teollisuuden sivutuotteita. Jokainen laitos on optimoitu j\u00e4ljitett\u00e4vyyden, turvallisuuden ja laajennettavuuden n\u00e4k\u00f6kulmasta.<\/span><\/p><p class=\"services-section__text\"><span style=\"font-weight: 400;\"><strong>Investoimme tehokkaaseen lajitteluun<\/strong>, automaatioon ja datavetoisiin prosesseihin maksimoidaksemme kierr\u00e4tysasteen ja minimoidaksemme ymp\u00e4rist\u00f6vaikutukset.&nbsp;<\/span><\/p><p class=\"services-section__text\"><span style=\"font-weight: 400;\"><strong>Kierr\u00e4tt\u00e4m\u00e4ll\u00e4 arvokkaita materiaaleja<\/strong> ja v\u00e4hent\u00e4m\u00e4ll\u00e4 p\u00e4\u00e4st\u00f6j\u00e4 NGR Recycling auttaa teollisuutta sulkemaan kierron ja saavuttamaan konkreettisia vastuullisuustavoitteita.<\/span><\/p><\/div><\/div><div data-etch-element=\"container\" class=\"services-section__footer\"><div class=\"services-section__cta-wrapper\"><a href=\"\/wp-content\/uploads\/2025\/08\/www_prislista_FI_28042025_1-1.pdf\" target=\"_blank\" class=\"btn--primary\">Hinnasto NGR Group Oy (pdf)<\/a><a href=\"\/wp-content\/uploads\/2024\/04\/Yleiset-toimitusehdot.pdf\" target=\"_blank\" class=\"btn--primary\">Toimitusehdot NGR Group Oy (pdf)<\/a><\/div><\/div><\/section><section data-etch-element=\"section\" class=\"division-news-section\" id=\"news\"><div data-etch-element=\"container\" class=\"news-section__intro\"><h2 class=\"news-section__heading\">Uutiset<\/h2><\/div><div data-etch-element=\"container\" class=\"division-news-section__container\"><\/div><\/section>","protected":false},"excerpt":{"rendered":"<p>NGRRecycling NGR Recycling kehitt\u00e4\u00e4 kierr\u00e4tyskeskuksia ja johtaa laajentumista. NGR Recycling kehitt\u00e4\u00e4 ja yll\u00e4pit\u00e4\u00e4 moderneja kierr\u00e4tyskeskuksia selke\u00e4ll\u00e4 tarkoituksella: hy\u00f6dynt\u00e4\u00e4 materiaaleja, palauttaa arvoa ja mahdollistaa siirtym\u00e4 kohti kiertotaloutta. Strategisesti sijoitettu HUB 28 k\u00e4sittelee materiaaleja, kuten muovia, metallia ja teollisuuden sivutuotteita. Jokainen laitos on optimoitu j\u00e4ljitett\u00e4vyyden, turvallisuuden ja laajennettavuuden n\u00e4k\u00f6kulmasta. Investoimme tehokkaaseen lajitteluun, automaatioon ja datavetoisiin prosesseihin maksimoidaksemme [&hellip;]<\/p>\n","protected":false},"author":1,"featured_media":0,"parent":0,"menu_order":0,"comment_status":"closed","ping_status":"closed","template":"","meta":{"inline_featured_image":false,"slim_seo":{"title":"Kierr\u00e4tyskeskuset ja materiaalikierr\u00e4tys \u2013 NGR Recycling","description":"Kierr\u00e4tyst\u00e4 tulevaisuutta varten \u2013 Vihre\u00e4mp\u00e4\u00e4. Lempe\u00e4mp\u00e4\u00e4. Parempaa."},"footnotes":""},"class_list":["post-3195","page","type-page","status-publish","hentry"],"_links":{"self":[{"href":"https:\/\/ngr-backup.viljamedia.com\/fi\/wp-json\/wp\/v2\/pages\/3195","targetHints":{"allow":["GET"]}}],"collection":[{"href":"https:\/\/ngr-backup.viljamedia.com\/fi\/wp-json\/wp\/v2\/pages"}],"about":[{"href":"https:\/\/ngr-backup.viljamedia.com\/fi\/wp-json\/wp\/v2\/types\/page"}],"author":[{"embeddable":true,"href":"https:\/\/ngr-backup.viljamedia.com\/fi\/wp-json\/wp\/v2\/users\/1"}],"replies":[{"embeddable":true,"href":"https:\/\/ngr-backup.viljamedia.com\/fi\/wp-json\/wp\/v2\/comments?post=3195"}],"version-history":[{"count":2,"href":"https:\/\/ngr-backup.viljamedia.com\/fi\/wp-json\/wp\/v2\/pages\/3195\/revisions"}],"predecessor-version":[{"id":3265,"href":"https:\/\/ngr-backup.viljamedia.com\/fi\/wp-json\/wp\/v2\/pages\/3195\/revisions\/3265"}],"wp:attachment":[{"href":"https:\/\/ngr-backup.viljamedia.com\/fi\/wp-json\/wp\/v2\/media?parent=3195"}],"curies":[{"name":"wp","href":"https:\/\/api.w.org\/{rel}","templated":true}]}}