{"id":3193,"date":"2025-10-13T13:20:22","date_gmt":"2025-10-13T10:20:22","guid":{"rendered":"https:\/\/ngr-backup.viljamedia.com\/logistiikka-pitkan-matkan-ja-massakuljetuksia\/"},"modified":"2025-10-31T03:05:57","modified_gmt":"2025-10-31T01:05:57","slug":"logistics","status":"publish","type":"page","link":"https:\/\/ngr-backup.viljamedia.com\/fi\/logistics\/","title":{"rendered":"Logistiikka \u2013 pitk\u00e4n matkan ja massakuljetuksia"},"content":{"rendered":"<section data-etch-element=\"section\" class=\"hero\"><figure style=\"--overlay-color: linear-gradient(to right, var(--base-semi-dark), var(--white)); --overlay-opacity: 80%; --overlay-color-mobile: linear-gradient(to right, var(--base-semi-dark), var(--base-semi-light)); --overlay-opacity-mobile: 50%;\" data-has-overlay=\"true\" class=\"background-image\"><img decoding=\"async\" src=\"https:\/\/ngr-backup.viljamedia.com\/wp-content\/uploads\/2025\/10\/NGR-Group-2025-web-86-b.webp\" alt class=\"background-image__img\" src=\"https:\/\/ngr-backup.viljamedia.com\/wp-content\/uploads\/2025\/10\/NGR-Group-2025-web-86-b.webp\" alt=\"\" \/><\/figure><div data-etch-element=\"container\" class=\"hero__inner\"><div data-etch-element=\"container\" data-intro-style=\"Center\" class=\"section-intro\"><div data-etch-element=\"flex-div\" class=\"section-intro__content-wrapper\"><h2 class=\"section-intro__heading\">Sustainable Logistics and Transportation solutions<\/h2><p class=\"section-intro__headline h1\">Tehokasta kuljetusta kiertotalouden arkeen.<\/p><\/div><div class=\"section-intro__cta-wrapper\"><a href=\"\/fi\/yhteystiedot\" class=\"section-intro__cta-primary btn--primary\">Soita meille<\/a><\/div><\/div><\/div><\/section><section data-etch-element=\"section\" class=\"ngr-intro\"><div data-etch-element=\"container\" class=\"ngr-intro__container\"><div data-etch-element=\"flex-div\" class=\"ngr-intro__intro-wrapper\"><figure class=\"ngr-intro__icon-wrapper\"><img decoding=\"async\" src=\"https:\/\/ngr-backup.viljamedia.com\/wp-content\/uploads\/2025\/10\/NGRG-symbol-logistics.webp\" alt class=\"ngr-intro__icon\" src=\"https:\/\/ngr-backup.viljamedia.com\/wp-content\/uploads\/2025\/10\/NGRG-symbol-logistics.webp\" alt=\"\" \/><\/figure><h2 class=\"ngr-intro__heading\">NGR<br class=\"ngr-intro__br\"\/><span class=\"subheading-accent-2 ngr-intro__span\">Logistics<\/span><\/h2><\/div><div data-etch-element=\"flex-div\" class=\"ngr-intro__content-wrapper\"><p class=\"ngr-intro__lede\">NGR Logistics hallinnoi pitk\u00e4n matkan ja massakuljetuksia.<\/p><p class=\"ngr-intro__text\">Olipa kyse yksitt\u00e4isist\u00e4 projekteista tai toistuvista materiaalivirroista, kuljetusratkaisumme perustuvat tehokkuuteen, turvallisuuteen ja luotettavuuteen. <\/p><p class=\"ngr-intro__text\">Koordinoimme pitk\u00e4n matkan ja massakuljetuksia sek\u00e4 alueellisilla ett\u00e4 rajat ylitt\u00e4vill\u00e4 reiteill\u00e4. Integroitu verkostomme yhdist\u00e4\u00e4 NGR Recyclingin, NGR Tradingin ja paikalliset kumppanit synkronoimaan virrat ker\u00e4yksest\u00e4 k\u00e4sittelyyn \u2013 pullonkauloja v\u00e4ltt\u00e4en ja p\u00e4\u00e4st\u00f6j\u00e4 v\u00e4hent\u00e4en.<\/p><div data-etch-element=\"flex-div\" class=\"ngr-intro__cta-wrapper\"><a href=\"#about\" class=\"btn--logistics\">Meist\u00e4<\/a><a href=\"#news\" class=\"btn--logistics\">Uutiset<\/a><\/div><\/div><\/div><\/section><section data-etch-element=\"section\" class=\"about-ngr-logistics\" id=\"about\"><div data-etch-element=\"container\" class=\"about-ngr-logistics__intro\"><h2 class=\"about-ngr-logistics__heading\">NGR Logistics<\/h2><\/div><div data-etch-element=\"container\" class=\"about-ngr-logistics__container\"><div class=\"grid-component\" style=\"--column-count: 2; --min: 240px; --gap: var(--grid-gap); --grid-columns: repeat(auto-fill, minmax(var(--min-formula), 1fr));\"><div data-etch-element=\"flex-div\" class=\"about-ngr-logistics__content-wrapper\"><p class=\"about-ngr-logistics__lede\"> Tied\u00e4mme, kuinka t\u00e4rke\u00e4\u00e4 ajoitus ja koordinointi ovat materiaalivirroissa.<\/p><p class=\"about-ngr-logistics__text\">Olipa kyse yksitt\u00e4isist\u00e4 projekteista tai toistuvista materiaalivirroista, kuljetusratkaisumme perustuvat tehokkuuteen, turvallisuuteen ja luotettavuuteen. <\/p><p class=\"about-ngr-logistics__text\">Koordinoimme pitk\u00e4n matkan ja massakuljetuksia sek\u00e4 alueellisilla ett\u00e4 rajat ylitt\u00e4vill\u00e4 reiteill\u00e4. Integroitu verkostomme yhdist\u00e4\u00e4 NGR Recyclingin, NGR Tradingin ja paikalliset kumppanit synkronoimaan virrat ker\u00e4yksest\u00e4 k\u00e4sittelyyn \u2013 pullonkauloja v\u00e4ltt\u00e4en ja p\u00e4\u00e4st\u00f6j\u00e4 v\u00e4hent\u00e4en. <\/p><p class=\"about-ngr-logistics__text\">Jokainen reitti, ajoneuvo ja aikataulu suunnitellaan ymp\u00e4rist\u00f6vaikutukset huomioiden. Optimoimalla kuormitukset, v\u00e4hent\u00e4m\u00e4ll\u00e4 tyhj\u00e4ajoja ja hy\u00f6dynt\u00e4m\u00e4ll\u00e4 nykyaikaista ajoneuvoteknologiaa edist\u00e4mme NGR Groupin tavoitteita kiertotaloudesta ja hiilidioksidip\u00e4\u00e4st\u00f6jen v\u00e4hent\u00e4misest\u00e4. <\/p><\/div><figure data-etch-element=\"flex-div\" class=\"about-ngr-logistics__media-wrapper\"><img decoding=\"async\" src=\"https:\/\/ngr-backup.viljamedia.com\/wp-content\/uploads\/2025\/06\/DSC08381.webp\" alt class=\"about-ngr-logistics__image\" src=\"https:\/\/ngr-backup.viljamedia.com\/wp-content\/uploads\/2025\/06\/DSC08381.webp\" alt=\"\" \/><\/figure><\/div><\/div><\/section><section data-etch-element=\"section\" class=\"division-news-section\" id=\"news\"><div data-etch-element=\"container\" class=\"news-section__intro\"><h2 class=\"news-section__heading\">NGR Logistics Uutiset<\/h2><\/div><div data-etch-element=\"container\" class=\"division-news-section__container\"><\/div><\/section>","protected":false},"excerpt":{"rendered":"<p>NGRLogistics NGR Logistics hallinnoi pitk\u00e4n matkan ja massakuljetuksia. Olipa kyse yksitt\u00e4isist\u00e4 projekteista tai toistuvista materiaalivirroista, kuljetusratkaisumme perustuvat tehokkuuteen, turvallisuuteen ja luotettavuuteen. Koordinoimme pitk\u00e4n matkan ja massakuljetuksia sek\u00e4 alueellisilla ett\u00e4 rajat ylitt\u00e4vill\u00e4 reiteill\u00e4. Integroitu verkostomme yhdist\u00e4\u00e4 NGR Recyclingin, NGR Tradingin ja paikalliset kumppanit synkronoimaan virrat ker\u00e4yksest\u00e4 k\u00e4sittelyyn \u2013 pullonkauloja v\u00e4ltt\u00e4en ja p\u00e4\u00e4st\u00f6j\u00e4 v\u00e4hent\u00e4en. Meist\u00e4 Uutiset NGR [&hellip;]<\/p>\n","protected":false},"author":1,"featured_media":0,"parent":0,"menu_order":0,"comment_status":"closed","ping_status":"closed","template":"","meta":{"inline_featured_image":false,"slim_seo":{"title":"Kiertotalouden logistiikkaratkaisuja \u2013 NGR Logistics","description":"Tehokasta kuljetusta kiertotalouden arkeen."},"footnotes":""},"class_list":["post-3193","page","type-page","status-publish","hentry"],"_links":{"self":[{"href":"https:\/\/ngr-backup.viljamedia.com\/fi\/wp-json\/wp\/v2\/pages\/3193","targetHints":{"allow":["GET"]}}],"collection":[{"href":"https:\/\/ngr-backup.viljamedia.com\/fi\/wp-json\/wp\/v2\/pages"}],"about":[{"href":"https:\/\/ngr-backup.viljamedia.com\/fi\/wp-json\/wp\/v2\/types\/page"}],"author":[{"embeddable":true,"href":"https:\/\/ngr-backup.viljamedia.com\/fi\/wp-json\/wp\/v2\/users\/1"}],"replies":[{"embeddable":true,"href":"https:\/\/ngr-backup.viljamedia.com\/fi\/wp-json\/wp\/v2\/comments?post=3193"}],"version-history":[{"count":2,"href":"https:\/\/ngr-backup.viljamedia.com\/fi\/wp-json\/wp\/v2\/pages\/3193\/revisions"}],"predecessor-version":[{"id":3266,"href":"https:\/\/ngr-backup.viljamedia.com\/fi\/wp-json\/wp\/v2\/pages\/3193\/revisions\/3266"}],"wp:attachment":[{"href":"https:\/\/ngr-backup.viljamedia.com\/fi\/wp-json\/wp\/v2\/media?parent=3193"}],"curies":[{"name":"wp","href":"https:\/\/api.w.org\/{rel}","templated":true}]}}