{"id":3174,"date":"2025-10-17T06:57:20","date_gmt":"2025-10-17T03:57:20","guid":{"rendered":"https:\/\/ngr-backup.viljamedia.com\/kotisivu\/"},"modified":"2025-10-30T23:54:29","modified_gmt":"2025-10-30T21:54:29","slug":"kotisivu","status":"publish","type":"page","link":"https:\/\/ngr-backup.viljamedia.com\/fi\/","title":{"rendered":"Kotisivu"},"content":{"rendered":"<section data-etch-element=\"section\" class=\"hero\"><figure style=\"--overlay-color: linear-gradient(to right, var(--base-semi-dark), var(--white)); --overlay-opacity: 50%; --overlay-color-mobile: linear-gradient(to right, var(--base-semi-dark), var(--base-light)); --overlay-opacity-mobile: 50%;\" data-has-overlay=\"true\" class=\"background-image\"><img decoding=\"async\" src=\"https:\/\/ngr-backup.viljamedia.com\/wp-content\/uploads\/2025\/10\/NGR-Group-2025-web-61.webp\" alt class=\"background-image__img\" src=\"https:\/\/ngr-backup.viljamedia.com\/wp-content\/uploads\/2025\/10\/NGR-Group-2025-web-61.webp\" alt=\"\" \/><\/figure><div class=\"background-video\" style=\"--overlay-color: linear-gradient(to right, var(--base-semi-dark), var(--white)); --overlay-opacity: 50%;\"><video autoplay=\"autoplay\" muted=\"muted\" loop=\"loop\" class=\"background-video__video\"><source src=\"https:\/\/player.vimeo.com\/progressive_redirect\/playback\/1130112026\/rendition\/1080p\/file.mp4%20%281080p%29.mp4?loc=external&amp;log_user=0&amp;signature=fb43ebdb238bd986873433342f5a16af617166316287535c9867de9992bfc1b6\" type=\"video\/mp4\" class=\"background-video__source\"><\/source><\/video><div data-etch-element=\"flex-div\" class=\"background-video__overlay\"><\/div><\/div><div data-etch-element=\"container\" class=\"hero__inner\"><div data-etch-element=\"container\" data-intro-style=\"Center\" class=\"section-intro\"><div data-etch-element=\"flex-div\" class=\"section-intro__content-wrapper\"><h2 class=\"section-intro__heading\">Nordic Recycling, Logistics and Circular Economy Solutions<\/h2><p class=\"section-intro__headline h1\">Arkea kohti parempaa.<\/p><\/div><div class=\"section-intro__cta-wrapper\"><a href=\"\/yhteystiedot\" class=\"section-intro__cta-primary btn--primary\">Ota yhteytt\u00e4<\/a><\/div><\/div><\/div><\/section><section data-etch-element=\"section\" class=\"divisions-overview\"><div data-etch-element=\"container\" class=\"divisions-overview__inner\"><div data-etch-element=\"flex-div\" class=\"divisions-overview__left-wrapper\"><h3 class=\"divisions-overview__title\">NGR Group<\/h3><p class=\"divisions-overview__lede\">on pohjoismainen kumppani kiertotalouden edist\u00e4misess\u00e4 \u2014 yhdist\u00e4m\u00e4ll\u00e4 kierr\u00e4tyksen, logistiikan ja kaupan yhden vision alle. Luomme tehokkaita materiaalivirtoja, jotka hy\u00f6dytt\u00e4v\u00e4t sek\u00e4 liiketoimintaa ett\u00e4 ymp\u00e4rist\u00f6\u00e4. <\/p><\/div><div data-etch-element=\"flex-div\" class=\"divisions-overview__right-wrapper\"><ul class=\"grid-component\" style=\"--column-count: 3; --min: 245px; --gap: 10px; --grid-columns: repeat(auto-fill, minmax(var(--min-formula), 1fr));\"><a href=\"\/recycling\" class=\"divisions-overview__division-card\"><h4 class=\"divisions-overview__heading\">NGR<br\/><span class=\"subheading-accent\">Recycling<\/span><\/h4><p class=\"divisions-overview__description\">Kehitt\u00e4\u00e4 kierr\u00e4tyskeskuksia ja johtaa laajentumista.<\/p><div href=\"\/recycling\" class=\"divisions-overview__link btn__read-more\"><p class=\"divisions-overview__link-text\">Read More<\/p> <svg width=\"16\" height=\"16\" fill=\"currentColor\" class=\"bi bi-arrow-right\" viewBox=\"0 0 16 16\" src=\"https:\/\/ngr-backup.viljamedia.com\/wp-content\/uploads\/2025\/10\/arrow-right.svg\"><path fill-rule=\"evenodd\" d=\"M1 8a.5.5 0 0 1 .5-.5h11.793l-3.147-3.146a.5.5 0 0 1 .708-.708l4 4a.5.5 0 0 1 0 .708l-4 4a.5.5 0 0 1-.708-.708L13.293 8.5H1.5A.5.5 0 0 1 1 8\"><\/path><\/svg> <\/div><\/a><a href=\"\/logistics\" class=\"divisions-overview__division-card\"><h4 class=\"divisions-overview__heading\">NGR<br\/><span class=\"subheading-accent\">Logistics<\/span><\/h4><p class=\"divisions-overview__description\"> Vastaa pitk\u00e4n matkan kuljetuksista ja massavirtojen hallinnasta.<\/p><div href=\"\/logistics\" class=\"divisions-overview__link btn__read-more\"><p class=\"divisions-overview__link-text\">Read More<\/p> <svg width=\"16\" height=\"16\" fill=\"currentColor\" class=\"bi bi-arrow-right\" viewBox=\"0 0 16 16\" src=\"https:\/\/ngr-backup.viljamedia.com\/wp-content\/uploads\/2025\/10\/arrow-right.svg\"><path fill-rule=\"evenodd\" d=\"M1 8a.5.5 0 0 1 .5-.5h11.793l-3.147-3.146a.5.5 0 0 1 .708-.708l4 4a.5.5 0 0 1 0 .708l-4 4a.5.5 0 0 1-.708-.708L13.293 8.5H1.5A.5.5 0 0 1 1 8\"><\/path><\/svg> <\/div><\/a><a href=\"\/trading\" class=\"divisions-overview__division-card\"><h4 class=\"divisions-overview__heading\">NGR<br\/><span class=\"subheading-accent\">Trading<\/span><\/h4><p class=\"divisions-overview__description\">Avaa uusia mahdollisuuksia \u00e4lykk\u00e4\u00e4n materiaalikaupan ja digitaalisten alustojen avulla.<\/p><div href=\"\/trading\" class=\"divisions-overview__link btn__read-more\"><p class=\"divisions-overview__link-text\">Read More<\/p> <svg width=\"16\" height=\"16\" fill=\"currentColor\" class=\"bi bi-arrow-right\" viewBox=\"0 0 16 16\" src=\"https:\/\/ngr-backup.viljamedia.com\/wp-content\/uploads\/2025\/10\/arrow-right.svg\"><path fill-rule=\"evenodd\" d=\"M1 8a.5.5 0 0 1 .5-.5h11.793l-3.147-3.146a.5.5 0 0 1 .708-.708l4 4a.5.5 0 0 1 0 .708l-4 4a.5.5 0 0 1-.708-.708L13.293 8.5H1.5A.5.5 0 0 1 1 8\"><\/path><\/svg> <\/div><\/a><\/ul><\/div><\/div><div data-etch-element=\"container\" class=\"ngr-ecosystem__container\"><div data-etch-element=\"flex-div\" class=\"ngr-ecosystem__left-wrapper\"><h2 class=\"ngr-ecosystem__heading\">NGR-ekosysteemi<\/h2><div class=\"ngr-ecosystem__text-wrapper\"><p class=\"ngr-ecosystem__text\">NGR Group on muutosvoima, joka uudistaa resurssien k\u00e4ytt\u00f6\u00e4. \u00c4lykk\u00e4\u00e4n materiaalinhallinnan, tehokkaan logistiikan ja kest\u00e4v\u00e4n kaupank\u00e4ynnin avulla luomme kiertotalouden virtoja, jotka tuottavat todellista vaikutusta.  <\/p><p class=\"ngr-ecosystem__text\">Selke\u00e4n vastuullisuusfokuksen ja vahvan kasvutavoitteen siivitt\u00e4m\u00e4n\u00e4 rakennamme tulevaisuuden kiertotaloutta \u2013 maailmaa, jossa j\u00e4tteest\u00e4 tulee resurssi ja jokainen p\u00e4\u00e4t\u00f6s luo pitk\u00e4aikaista arvoa. Rakennamme parempaa tulevaisuutta. <\/p><\/div><\/div><div class=\"ngr-ecosystem__right-wrapper\"><img decoding=\"async\" src=\"https:\/\/ngr-backup.viljamedia.com\/wp-content\/uploads\/2025\/10\/strategigrafik-2025logo-2.webp\" alt src=\"https:\/\/ngr-backup.viljamedia.com\/wp-content\/uploads\/2025\/10\/strategigrafik-2025logo-2.webp\" alt=\"\" \/><\/div><\/div><\/section><section data-etch-element=\"section\" class=\"about-section\"><div data-etch-element=\"container\" class=\"about-section__inner\"><div class=\"grid-component\" style=\"--column-count: 2; --min: 385px; --gap: var(--container-gap); --grid-columns: repeat(auto-fill, minmax(var(--min-formula), 1fr));\"><div data-etch-element=\"flex-div\" class=\"about-section__left-wrapper\"><h2 class=\"about-section__heading\">NGR Groupista<\/h2><div class=\"about-section__text-wrapper\"><p class=\"about-section__text\"><b>NGR Group on pohjoismainen yritys, joka rakentaa tulevaisuuden kiertotalousajattelua.<\/b> Vuonna 2022 perustettu yhti\u00f6 on kasvanut nopeasti ja m\u00e4\u00e4r\u00e4tietoisesti, keskittyen uusien yhteisty\u00f6mallien kehitt\u00e4miseen, jotka edist\u00e4v\u00e4t kest\u00e4v\u00e4\u00e4 liiketoimintaa.<\/p><p class=\"about-section__text\">Teemme tiivist\u00e4 yhteisty\u00f6t\u00e4 teollisuuden, kuntien ja julkisten organisaatioiden kanssa luodaksemme yhteist\u00e4 arvoa ja pitk\u00e4aikaista vaikuttavuutta. Tiimimme yhdist\u00e4\u00e4 asiantuntemuksen kierr\u00e4tyksest\u00e4, logistiikasta, kaupasta ja vastuullisuusjohtamisesta \u2013 tavoitteena kiertotalouden siirtym\u00e4n vauhdittaminen.<\/p><\/div><div class=\"about-section__cta-wrapper\"><a href=\"\/ngr-group\" class=\"btn--primary\">Lue lis\u00e4\u00e4 NGR Groupista<\/a><\/div><\/div><div data-etch-element=\"flex-div\" class=\"about-section__right-wrapper\"><figure class=\"about-section__media-wrapper\"><img decoding=\"async\" src=\"https:\/\/ngr-backup.viljamedia.com\/wp-content\/uploads\/2025\/10\/NGR-Group-2025-web-12.webp\" alt class=\"about-section__image\" src=\"https:\/\/ngr-backup.viljamedia.com\/wp-content\/uploads\/2025\/10\/NGR-Group-2025-web-12.webp\" alt=\"\" \/><\/figure><\/div><\/div><\/div><\/section><div class=\"image-divider\" id=\"etch-7tc8ghd\"><figure style=\"--overlay-color: linear-gradient(to right, var(--base-semi-dark), var(--white)); --overlay-opacity: 60%; --overlay-color-mobile: var(--base-semi-dark); --overlay-opacity-mobile: ;\" data-has-overlay=\"true\" class=\"background-image\"><img decoding=\"async\" src=\"https:\/\/ngr-backup.viljamedia.com\/wp-content\/uploads\/2025\/10\/NGR-Group-2025-web-61.webp\" alt class=\"background-image__img\" src=\"https:\/\/ngr-backup.viljamedia.com\/wp-content\/uploads\/2025\/10\/NGR-Group-2025-web-61.webp\" alt=\"\" \/><\/figure><\/div><div class=\"video-divider\" id=\"etch-8vnc7da\"><div style=\"--overlay-color: linear-gradient(to right, var(--base-semi-dark), var(--white))}; --overlay-opacity: 90%;\" class=\"background-video-mobile\"><video autoplay=\"autoplay\" muted=\"muted\" loop=\"loop\" class=\"background-video-mobile__video\"><source src=\"https:\/\/player.vimeo.com\/progressive_redirect\/playback\/1130112026\/rendition\/540p\/file.mp4?loc=external&amp;log_user=0&amp;signature=d15c120a690f9bcb31d9a9f886ef59b5d8d6388a5f441cb1cbee70965f52c266\" type=\"video\/mp4\" class=\"background-video__source\"><\/source><\/video><div data-etch-element=\"flex-div\" class=\"background-video-mobile__overlay\"><\/div><\/div><\/div><section data-etch-element=\"section\" class=\"news-section\"><div data-etch-element=\"container\" class=\"news-section__intro\"><h2 class=\"news-section__heading\">Uutiset &amp; ajankohtaista<\/h2><\/div><ul data-etch-element=\"container\" class=\"news-section__news-grid grid--auto-3\"><li data-etch-element=\"flex-div\" class=\"news-section__news-card\"><div class=\"news-section__meta-wrapper category--uncategorized-fi\"><p class=\"news-section__division\">Uncategorized @fi<\/p><p class=\"news-section__date\">17.09.2025<\/p><\/div><h3 class=\"news-section__title\"><a href=\"https:\/\/ngr-backup.viljamedia.com\/fi\/eu-panostaa-kiertotalouteen-rakennusjate-etusijalla\/\">EU panostaa kiertotalouteen \u2013 rakennusj\u00e4te etusijalla<\/a><\/h3><p class=\"news-section__excerpt\">Rakennus- ja purkutoiminta on yksi Euroopan unionin suurimmista luonnonvarojen kuluttajista. Ala k\u00e4ytt\u00e4\u00e4 noin puolet kaikista luonnosta otetuista materiaaleista ja tuottaa yli kolmanneksen EU:n j\u00e4tteist\u00e4. T\u00e4m\u00e4n&#8230;<\/p><a href=\"https:\/\/ngr-backup.viljamedia.com\/fi\/eu-panostaa-kiertotalouteen-rakennusjate-etusijalla\/\" class=\"news-section__link btn__read-more\">Lue lis\u00e4\u00e4 <svg width=\"16\" height=\"16\" fill=\"currentColor\" class=\"bi bi-arrow-right\" viewBox=\"0 0 16 16\" src=\"https:\/\/ngr-backup.viljamedia.com\/wp-content\/uploads\/2025\/10\/arrow-right.svg\"><path fill-rule=\"evenodd\" d=\"M1 8a.5.5 0 0 1 .5-.5h11.793l-3.147-3.146a.5.5 0 0 1 .708-.708l4 4a.5.5 0 0 1 0 .708l-4 4a.5.5 0 0 1-.708-.708L13.293 8.5H1.5A.5.5 0 0 1 1 8\"><\/path><\/svg> <\/a><\/li><li data-etch-element=\"flex-div\" class=\"news-section__news-card\"><div class=\"news-section__meta-wrapper category--uncategorized-fi\"><p class=\"news-section__division\">Uncategorized @fi<\/p><p class=\"news-section__date\">09.07.2025<\/p><\/div><h3 class=\"news-section__title\"><a href=\"https:\/\/ngr-backup.viljamedia.com\/fi\/edellakavija-rakentamisen-murroksessa-ngr-nayttaa-suuntaa\/\">Edell\u00e4k\u00e4vij\u00e4 rakentamisen murroksessa \u2013 NGR n\u00e4ytt\u00e4\u00e4 suuntaa<\/a><\/h3><p class=\"news-section__excerpt\">Vakiintuneen kierr\u00e4tys-, lajittelu- ja rakennusmateriaalien kiertoprosessinsa ansiosta NGR on erinomaisesti valmistautunut tulevaan muutokseen. Kun lains\u00e4\u00e4d\u00e4nt\u00f6 edellytt\u00e4\u00e4 ilmastojalanj\u00e4ljen ja elinkaariarvioiden (LCA) raportointia, kasvaa dokumentoidun ymp\u00e4rist\u00f6suoritteen omaavien&#8230;<\/p><a href=\"https:\/\/ngr-backup.viljamedia.com\/fi\/edellakavija-rakentamisen-murroksessa-ngr-nayttaa-suuntaa\/\" class=\"news-section__link btn__read-more\">Lue lis\u00e4\u00e4 <svg width=\"16\" height=\"16\" fill=\"currentColor\" class=\"bi bi-arrow-right\" viewBox=\"0 0 16 16\" src=\"https:\/\/ngr-backup.viljamedia.com\/wp-content\/uploads\/2025\/10\/arrow-right.svg\"><path fill-rule=\"evenodd\" d=\"M1 8a.5.5 0 0 1 .5-.5h11.793l-3.147-3.146a.5.5 0 0 1 .708-.708l4 4a.5.5 0 0 1 0 .708l-4 4a.5.5 0 0 1-.708-.708L13.293 8.5H1.5A.5.5 0 0 1 1 8\"><\/path><\/svg> <\/a><\/li><li data-etch-element=\"flex-div\" class=\"news-section__news-card\"><div class=\"news-section__meta-wrapper category--uncategorized-fi\"><p class=\"news-section__division\">Uncategorized @fi<\/p><p class=\"news-section__date\">18.06.2025<\/p><\/div><h3 class=\"news-section__title\"><a href=\"https:\/\/ngr-backup.viljamedia.com\/fi\/kestavan-valinnan-rohkeus\/\">Kest\u00e4v\u00e4n valinnan rohkeus<\/a><\/h3><p class=\"news-section__excerpt\">Kiertotaloudesta puhutaan paljon \u2013 ja sen tueksi on laadittu strategioita, toimenpideohjelmia ja laatuj\u00e4rjestelmi\u00e4. Mutta ne yksin eiv\u00e4t riit\u00e4. Tarvitaan rohkeutta toimia uudella tavalla. Tarvitaan halua&#8230;<\/p><a href=\"https:\/\/ngr-backup.viljamedia.com\/fi\/kestavan-valinnan-rohkeus\/\" class=\"news-section__link btn__read-more\">Lue lis\u00e4\u00e4 <svg width=\"16\" height=\"16\" fill=\"currentColor\" class=\"bi bi-arrow-right\" viewBox=\"0 0 16 16\" src=\"https:\/\/ngr-backup.viljamedia.com\/wp-content\/uploads\/2025\/10\/arrow-right.svg\"><path fill-rule=\"evenodd\" d=\"M1 8a.5.5 0 0 1 .5-.5h11.793l-3.147-3.146a.5.5 0 0 1 .708-.708l4 4a.5.5 0 0 1 0 .708l-4 4a.5.5 0 0 1-.708-.708L13.293 8.5H1.5A.5.5 0 0 1 1 8\"><\/path><\/svg> <\/a><\/li><\/ul><\/section><section data-etch-element=\"section\" class=\"content-alpha\"><div data-etch-element=\"container\" class=\"content-alpha__container\"><div class=\"grid-component\" style=\"--column-count: 2; --min: 360px; --gap: var(--container-gap); --grid-columns: repeat(auto-fill, minmax(var(--min-formula), 1fr));\"><div data-etch-element=\"flex-div\" class=\"content-alpha__content-wrapper\"><h2 class=\"content-alpha__heading\">Kehityshanke<\/h2><div class=\"content-alpha__text-wrapper\"><p class=\"content-alpha__text\"><b>Osana hanketta<\/b> \u201cDevelopment of business model and digital solutions for circular economy in Ostrobothnia\u201d kehitet\u00e4\u00e4n digitaalisia ty\u00f6kaluja, prosesseja ja tuotteita materiaalien uudelleenk\u00e4ytt\u00f6\u00f6n ja kierr\u00e4tykseen NGR Group Oy:n johdolla. Tavoitteena on, ett\u00e4 kehitettyj\u00e4 ratkaisuja voidaan hy\u00f6dynt\u00e4\u00e4 laajamittaisesti sek\u00e4 kansallisesti ett\u00e4 kansainv\u00e4lisesti.<\/p><\/div><\/div><figure data-etch-element=\"flex-div\" class=\"content-alpha__media-wrapper\"><img decoding=\"async\" src=\"https:\/\/ngr-backup.viljamedia.com\/wp-content\/uploads\/2025\/10\/strategi-grafik-03-2025.webp\" alt class=\"content-alpha__image\" src=\"https:\/\/ngr-backup.viljamedia.com\/wp-content\/uploads\/2025\/10\/strategi-grafik-03-2025.webp\" alt=\"\" \/><\/figure><\/div><\/div><\/section><section data-etch-element=\"section\" class=\"content-alpha\"><div data-etch-element=\"container\" class=\"content-alpha__container\"><div class=\"grid-component\" style=\"--column-count: 2; --min: 360px; --gap: var(--container-gap); --grid-columns: repeat(auto-fill, minmax(var(--min-formula), 1fr));\"><figure data-etch-element=\"flex-div\" class=\"content-alpha__media-wrapper\"><img decoding=\"async\" src=\"https:\/\/ngr-backup.viljamedia.com\/wp-content\/uploads\/2025\/10\/Recycling-station-ngr.webp\" alt class=\"content-alpha__image\" src=\"https:\/\/ngr-backup.viljamedia.com\/wp-content\/uploads\/2025\/10\/Recycling-station-ngr.webp\" alt=\"\" \/><\/figure><div data-etch-element=\"flex-div\" class=\"content-alpha__content-wrapper-alt\"><h2 class=\"content-alpha__heading\">Kierr\u00e4tyslaitos<\/h2><div class=\"content-alpha__text-wrapper\"><p class=\"content-alpha__text\"><b>Kierr\u00e4tysaseman rakentaminen<\/b> ja kiertotalouden edist\u00e4minen hy\u00f6dynt\u00e4m\u00e4ll\u00e4 tehokkaasti ylij\u00e4\u00e4m\u00e4materiaaleja ja j\u00e4tteit\u00e4 Pohjanmaalla.<\/p><p class=\"content-alpha__text\"><b>Hankkeen tavoitteena<\/b> on sen valmistuttua v\u00e4hent\u00e4\u00e4 ymp\u00e4rist\u00f6vaikutuksia ja pienent\u00e4\u00e4 neitseellisten raaka-aineiden k\u00e4ytt\u00f6\u00e4.<\/p><\/div><\/div><\/div><\/div><\/section><section data-etch-element=\"section\" class=\"cta-alpha\"><div data-etch-element=\"container\" class=\"cta-alpha__inner\"><h2 class=\"cta-alpha__heading\">Miksi me?<\/h2><div data-etch-element=\"flex-div\" class=\"cta-alpha__content-wrapper\"><p class=\"cta-alpha__text\">Pitk\u00e4aikaisia kumppanuuksia<\/p><p class=\"cta-alpha__text\">Joustavuutta ja laajennettavuutta<\/p><p class=\"cta-alpha__text\">Kest\u00e4vyytt\u00e4 standardina<\/p><p class=\"cta-alpha__text\">Luotettavaa ja avointa viestint\u00e4\u00e4<\/p><\/div><\/div><\/section>","protected":false},"excerpt":{"rendered":"<p>NGR Group on pohjoismainen kumppani kiertotalouden edist\u00e4misess\u00e4 \u2014 yhdist\u00e4m\u00e4ll\u00e4 kierr\u00e4tyksen, logistiikan ja kaupan yhden vision alle. Luomme tehokkaita materiaalivirtoja, jotka hy\u00f6dytt\u00e4v\u00e4t sek\u00e4 liiketoimintaa ett\u00e4 ymp\u00e4rist\u00f6\u00e4. NGR-ekosysteemi NGR Group on muutosvoima, joka uudistaa resurssien k\u00e4ytt\u00f6\u00e4. \u00c4lykk\u00e4\u00e4n materiaalinhallinnan, tehokkaan logistiikan ja kest\u00e4v\u00e4n kaupank\u00e4ynnin avulla luomme kiertotalouden virtoja, jotka tuottavat todellista vaikutusta. Selke\u00e4n vastuullisuusfokuksen ja vahvan kasvutavoitteen siivitt\u00e4m\u00e4n\u00e4 [&hellip;]<\/p>\n","protected":false},"author":1,"featured_media":0,"parent":0,"menu_order":0,"comment_status":"closed","ping_status":"closed","template":"","meta":{"inline_featured_image":false,"slim_seo":{"title":"NGR Group \u2013 Luomme paremman tulevaisuuden","description":"Kierr\u00e4tyksen, logistiikan ja kaupan avulla kohti kiertotaloutta."},"footnotes":""},"class_list":["post-3174","page","type-page","status-publish","hentry"],"_links":{"self":[{"href":"https:\/\/ngr-backup.viljamedia.com\/fi\/wp-json\/wp\/v2\/pages\/3174","targetHints":{"allow":["GET"]}}],"collection":[{"href":"https:\/\/ngr-backup.viljamedia.com\/fi\/wp-json\/wp\/v2\/pages"}],"about":[{"href":"https:\/\/ngr-backup.viljamedia.com\/fi\/wp-json\/wp\/v2\/types\/page"}],"author":[{"embeddable":true,"href":"https:\/\/ngr-backup.viljamedia.com\/fi\/wp-json\/wp\/v2\/users\/1"}],"replies":[{"embeddable":true,"href":"https:\/\/ngr-backup.viljamedia.com\/fi\/wp-json\/wp\/v2\/comments?post=3174"}],"version-history":[{"count":3,"href":"https:\/\/ngr-backup.viljamedia.com\/fi\/wp-json\/wp\/v2\/pages\/3174\/revisions"}],"predecessor-version":[{"id":3179,"href":"https:\/\/ngr-backup.viljamedia.com\/fi\/wp-json\/wp\/v2\/pages\/3174\/revisions\/3179"}],"wp:attachment":[{"href":"https:\/\/ngr-backup.viljamedia.com\/fi\/wp-json\/wp\/v2\/media?parent=3174"}],"curies":[{"name":"wp","href":"https:\/\/api.w.org\/{rel}","templated":true}]}}