{"id":1256,"date":"2024-04-18T13:36:06","date_gmt":"2024-04-18T10:36:06","guid":{"rendered":"https:\/\/ngr-backup.viljamedia.com\/ajankohtaista\/"},"modified":"2025-10-31T03:05:57","modified_gmt":"2025-10-31T01:05:57","slug":"uutiset","status":"publish","type":"page","link":"https:\/\/ngr-backup.viljamedia.com\/fi\/uutiset\/","title":{"rendered":"Ajankohtaista"},"content":{"rendered":"<section data-etch-element=\"section\" class=\"hero\"><figure style=\"--overlay-color: linear-gradient(to right, var(--base-semi-dark), var(--white)); --overlay-opacity: 80%; --overlay-color-mobile: linear-gradient(to right, var(--base-semi-dark), var(--base-semi-light)); --overlay-opacity-mobile: 50%;\" data-has-overlay=\"true\" class=\"background-image\"><img decoding=\"async\" src=\"https:\/\/ngr-backup.viljamedia.com\/wp-content\/uploads\/2025\/10\/NGR-Group-2025-web-89-1.webp\" alt class=\"background-image__img\" src=\"https:\/\/ngr-backup.viljamedia.com\/wp-content\/uploads\/2025\/10\/NGR-Group-2025-web-89-1.webp\" alt=\"\" \/><\/figure><div data-etch-element=\"container\" class=\"hero__inner\"><div data-etch-element=\"container\" data-intro-style=\"Center\" class=\"section-intro\"><div data-etch-element=\"flex-div\" class=\"section-intro__content-wrapper\"><h2 class=\"section-intro__heading\">News and Insights on Recycling, Logistics and the Circular Economy<\/h2><p class=\"section-intro__headline h1\">Uutiset. Tiedotteet. Oivalluksia.<\/p><\/div><\/div><\/div><\/section><section data-etch-element=\"section\" class=\"news-section\"><div data-etch-element=\"container\" class=\"news-section__intro\"><h2 class=\"news-section__heading\">Uutiset &amp; ajankohtaista<\/h2><\/div><ul data-etch-element=\"container\" class=\"news-section__news-grid grid--auto-3\"><li data-etch-element=\"flex-div\" class=\"news-section__news-card\"><div class=\"news-section__meta-wrapper category--uncategorized-fi\"><p class=\"news-section__division\">Uncategorized @fi<\/p><p class=\"news-section__date\">17.09.2025<\/p><\/div><h3 class=\"news-section__title\"><a href=\"https:\/\/ngr-backup.viljamedia.com\/fi\/eu-panostaa-kiertotalouteen-rakennusjate-etusijalla\/\">EU panostaa kiertotalouteen \u2013 rakennusj\u00e4te etusijalla<\/a><\/h3><p class=\"news-section__excerpt\">Rakennus- ja purkutoiminta on yksi Euroopan unionin suurimmista luonnonvarojen kuluttajista. Ala k\u00e4ytt\u00e4\u00e4 noin puolet kaikista luonnosta otetuista materiaaleista ja tuottaa yli kolmanneksen EU:n j\u00e4tteist\u00e4. T\u00e4m\u00e4n&#8230;<\/p><a href=\"https:\/\/ngr-backup.viljamedia.com\/fi\/eu-panostaa-kiertotalouteen-rakennusjate-etusijalla\/\" class=\"news-section__link btn__read-more\">Lue lis\u00e4\u00e4 <svg width=\"16\" height=\"16\" fill=\"currentColor\" class=\"bi bi-arrow-right\" viewBox=\"0 0 16 16\" src=\"https:\/\/ngr-backup.viljamedia.com\/wp-content\/uploads\/2025\/10\/arrow-right.svg\"><path fill-rule=\"evenodd\" d=\"M1 8a.5.5 0 0 1 .5-.5h11.793l-3.147-3.146a.5.5 0 0 1 .708-.708l4 4a.5.5 0 0 1 0 .708l-4 4a.5.5 0 0 1-.708-.708L13.293 8.5H1.5A.5.5 0 0 1 1 8\"><\/path><\/svg> <\/a><\/li><li data-etch-element=\"flex-div\" class=\"news-section__news-card\"><div class=\"news-section__meta-wrapper category--uncategorized-fi\"><p class=\"news-section__division\">Uncategorized @fi<\/p><p class=\"news-section__date\">09.07.2025<\/p><\/div><h3 class=\"news-section__title\"><a href=\"https:\/\/ngr-backup.viljamedia.com\/fi\/edellakavija-rakentamisen-murroksessa-ngr-nayttaa-suuntaa\/\">Edell\u00e4k\u00e4vij\u00e4 rakentamisen murroksessa \u2013 NGR n\u00e4ytt\u00e4\u00e4 suuntaa<\/a><\/h3><p class=\"news-section__excerpt\">Vakiintuneen kierr\u00e4tys-, lajittelu- ja rakennusmateriaalien kiertoprosessinsa ansiosta NGR on erinomaisesti valmistautunut tulevaan muutokseen. Kun lains\u00e4\u00e4d\u00e4nt\u00f6 edellytt\u00e4\u00e4 ilmastojalanj\u00e4ljen ja elinkaariarvioiden (LCA) raportointia, kasvaa dokumentoidun ymp\u00e4rist\u00f6suoritteen omaavien&#8230;<\/p><a href=\"https:\/\/ngr-backup.viljamedia.com\/fi\/edellakavija-rakentamisen-murroksessa-ngr-nayttaa-suuntaa\/\" class=\"news-section__link btn__read-more\">Lue lis\u00e4\u00e4 <svg width=\"16\" height=\"16\" fill=\"currentColor\" class=\"bi bi-arrow-right\" viewBox=\"0 0 16 16\" src=\"https:\/\/ngr-backup.viljamedia.com\/wp-content\/uploads\/2025\/10\/arrow-right.svg\"><path fill-rule=\"evenodd\" d=\"M1 8a.5.5 0 0 1 .5-.5h11.793l-3.147-3.146a.5.5 0 0 1 .708-.708l4 4a.5.5 0 0 1 0 .708l-4 4a.5.5 0 0 1-.708-.708L13.293 8.5H1.5A.5.5 0 0 1 1 8\"><\/path><\/svg> <\/a><\/li><li data-etch-element=\"flex-div\" class=\"news-section__news-card\"><div class=\"news-section__meta-wrapper category--uncategorized-fi\"><p class=\"news-section__division\">Uncategorized @fi<\/p><p class=\"news-section__date\">18.06.2025<\/p><\/div><h3 class=\"news-section__title\"><a href=\"https:\/\/ngr-backup.viljamedia.com\/fi\/kestavan-valinnan-rohkeus\/\">Kest\u00e4v\u00e4n valinnan rohkeus<\/a><\/h3><p class=\"news-section__excerpt\">Kiertotaloudesta puhutaan paljon \u2013 ja sen tueksi on laadittu strategioita, toimenpideohjelmia ja laatuj\u00e4rjestelmi\u00e4. Mutta ne yksin eiv\u00e4t riit\u00e4. Tarvitaan rohkeutta toimia uudella tavalla. Tarvitaan halua&#8230;<\/p><a href=\"https:\/\/ngr-backup.viljamedia.com\/fi\/kestavan-valinnan-rohkeus\/\" class=\"news-section__link btn__read-more\">Lue lis\u00e4\u00e4 <svg width=\"16\" height=\"16\" fill=\"currentColor\" class=\"bi bi-arrow-right\" viewBox=\"0 0 16 16\" src=\"https:\/\/ngr-backup.viljamedia.com\/wp-content\/uploads\/2025\/10\/arrow-right.svg\"><path fill-rule=\"evenodd\" d=\"M1 8a.5.5 0 0 1 .5-.5h11.793l-3.147-3.146a.5.5 0 0 1 .708-.708l4 4a.5.5 0 0 1 0 .708l-4 4a.5.5 0 0 1-.708-.708L13.293 8.5H1.5A.5.5 0 0 1 1 8\"><\/path><\/svg> <\/a><\/li><li data-etch-element=\"flex-div\" class=\"news-section__news-card\"><div class=\"news-section__meta-wrapper category--uncategorized-fi\"><p class=\"news-section__division\">Uncategorized @fi<\/p><p class=\"news-section__date\">23.04.2025<\/p><\/div><h3 class=\"news-section__title\"><a href=\"https:\/\/ngr-backup.viljamedia.com\/fi\/hastbacka-olemassa-olevat-resurssit-tulisi-hyodyntaa\/\">H\u00e4stbacka: Olemassa olevat resurssit tulisi hy\u00f6dynt\u00e4\u00e4<\/a><\/h3><p class=\"news-section__excerpt\">Rakennus- ja purkuj\u00e4tteet muodostavat merkitt\u00e4v\u00e4n resurssin kiertotaloudessa. Kierr\u00e4tyksest\u00e4 puhutaan paljon, mutta nyt on korkea aika nostaa uudelleenk\u00e4ytt\u00f6 sille kuuluvaan asemaan j\u00e4tehierarkiassa. Kyse ei ole vain&#8230;<\/p><a href=\"https:\/\/ngr-backup.viljamedia.com\/fi\/hastbacka-olemassa-olevat-resurssit-tulisi-hyodyntaa\/\" class=\"news-section__link btn__read-more\">Lue lis\u00e4\u00e4 <svg width=\"16\" height=\"16\" fill=\"currentColor\" class=\"bi bi-arrow-right\" viewBox=\"0 0 16 16\" src=\"https:\/\/ngr-backup.viljamedia.com\/wp-content\/uploads\/2025\/10\/arrow-right.svg\"><path fill-rule=\"evenodd\" d=\"M1 8a.5.5 0 0 1 .5-.5h11.793l-3.147-3.146a.5.5 0 0 1 .708-.708l4 4a.5.5 0 0 1 0 .708l-4 4a.5.5 0 0 1-.708-.708L13.293 8.5H1.5A.5.5 0 0 1 1 8\"><\/path><\/svg> <\/a><\/li><li data-etch-element=\"flex-div\" class=\"news-section__news-card\"><div class=\"news-section__meta-wrapper category--uncategorized-fi\"><p class=\"news-section__division\">Uncategorized @fi<\/p><p class=\"news-section__date\">19.12.2024<\/p><\/div><h3 class=\"news-section__title\"><a href=\"https:\/\/ngr-backup.viljamedia.com\/fi\/ngr-avaa-uuden-roolin-jan-wallin-nimitetty-cooksi\/\">NGR avaa uuden roolin: Jan Wallin nimitetty COO:ksi<\/a><\/h3><p class=\"news-section__excerpt\">NGR:n toiminta kasvaa t\u00e4ll\u00e4 hetkell\u00e4 nopeasti. F\u00e5gelbergetin HUB28-terminaalin avaamisen yhteydess\u00e4 Mustasaaressa tapahtuu my\u00f6s organisaatiomuutoksia. NGR:n nykyinen tuotep\u00e4\u00e4llikk\u00f6 Jan Wallin siirtyy uuteen rooliin NGR:ss\u00e4 (Nordic Green&#8230;<\/p><a href=\"https:\/\/ngr-backup.viljamedia.com\/fi\/ngr-avaa-uuden-roolin-jan-wallin-nimitetty-cooksi\/\" class=\"news-section__link btn__read-more\">Lue lis\u00e4\u00e4 <svg width=\"16\" height=\"16\" fill=\"currentColor\" class=\"bi bi-arrow-right\" viewBox=\"0 0 16 16\" src=\"https:\/\/ngr-backup.viljamedia.com\/wp-content\/uploads\/2025\/10\/arrow-right.svg\"><path fill-rule=\"evenodd\" d=\"M1 8a.5.5 0 0 1 .5-.5h11.793l-3.147-3.146a.5.5 0 0 1 .708-.708l4 4a.5.5 0 0 1 0 .708l-4 4a.5.5 0 0 1-.708-.708L13.293 8.5H1.5A.5.5 0 0 1 1 8\"><\/path><\/svg> <\/a><\/li><li data-etch-element=\"flex-div\" class=\"news-section__news-card\"><div class=\"news-section__meta-wrapper category--uncategorized-fi\"><p class=\"news-section__division\">Uncategorized @fi<\/p><p class=\"news-section__date\">03.10.2024<\/p><\/div><h3 class=\"news-section__title\"><a href=\"https:\/\/ngr-backup.viljamedia.com\/fi\/kestava-talous-ja-uudelleenkaytto-rakennusalalla-tulevaisuuden-visiointi-on-keskeista\/\">Kest\u00e4v\u00e4 talous ja uudelleenk\u00e4ytt\u00f6 rakennusalalla \u2013 tulevaisuuden visiointi on keskeist\u00e4<\/a><\/h3><p class=\"news-section__excerpt\">Pitk\u00e4aikaisen taantuman aikana monet rakennusyritykset ovat kokeneet kysynn\u00e4n laskua ja kustannusten nousua. On helppo ymm\u00e4rt\u00e4\u00e4 houkutus pid\u00e4tt\u00e4yty\u00e4 investoinneista ja keskitty\u00e4 selviytymiseen. Kuitenkin, pelkk\u00e4 selviytyminen ilman&#8230;<\/p><a href=\"https:\/\/ngr-backup.viljamedia.com\/fi\/kestava-talous-ja-uudelleenkaytto-rakennusalalla-tulevaisuuden-visiointi-on-keskeista\/\" class=\"news-section__link btn__read-more\">Lue lis\u00e4\u00e4 <svg width=\"16\" height=\"16\" fill=\"currentColor\" class=\"bi bi-arrow-right\" viewBox=\"0 0 16 16\" src=\"https:\/\/ngr-backup.viljamedia.com\/wp-content\/uploads\/2025\/10\/arrow-right.svg\"><path fill-rule=\"evenodd\" d=\"M1 8a.5.5 0 0 1 .5-.5h11.793l-3.147-3.146a.5.5 0 0 1 .708-.708l4 4a.5.5 0 0 1 0 .708l-4 4a.5.5 0 0 1-.708-.708L13.293 8.5H1.5A.5.5 0 0 1 1 8\"><\/path><\/svg> <\/a><\/li><li data-etch-element=\"flex-div\" class=\"news-section__news-card\"><div class=\"news-section__meta-wrapper category--uncategorized-fi\"><p class=\"news-section__division\">Uncategorized @fi<\/p><p class=\"news-section__date\">18.08.2024<\/p><\/div><h3 class=\"news-section__title\"><a href=\"https:\/\/ngr-backup.viljamedia.com\/fi\/hub28-tarjoaa-uusia-kierratyspalveluja-mustasaaressa\/\">HUB28 tarjoaa uusia kierr\u00e4tyspalveluja Mustasaaressa<\/a><\/h3><p class=\"news-section__excerpt\">NGR avaa elokuussa Lintuvuoren teollisuusalueelle uuden HUB28-nime\u00e4 kantavan j\u00e4tteiden siirtokuormausalueen. Laitoksen palveluihin kuuluvat muun muassa j\u00e4tteiden vastaanotto ja karkealajittelu, varastointi ja lastaus, puuj\u00e4tteen murskaus, sek\u00e4&#8230;<\/p><a href=\"https:\/\/ngr-backup.viljamedia.com\/fi\/hub28-tarjoaa-uusia-kierratyspalveluja-mustasaaressa\/\" class=\"news-section__link btn__read-more\">Lue lis\u00e4\u00e4 <svg width=\"16\" height=\"16\" fill=\"currentColor\" class=\"bi bi-arrow-right\" viewBox=\"0 0 16 16\" src=\"https:\/\/ngr-backup.viljamedia.com\/wp-content\/uploads\/2025\/10\/arrow-right.svg\"><path fill-rule=\"evenodd\" d=\"M1 8a.5.5 0 0 1 .5-.5h11.793l-3.147-3.146a.5.5 0 0 1 .708-.708l4 4a.5.5 0 0 1 0 .708l-4 4a.5.5 0 0 1-.708-.708L13.293 8.5H1.5A.5.5 0 0 1 1 8\"><\/path><\/svg> <\/a><\/li><li data-etch-element=\"flex-div\" class=\"news-section__news-card\"><div class=\"news-section__meta-wrapper category--uncategorized-fi\"><p class=\"news-section__division\">Uncategorized @fi<\/p><p class=\"news-section__date\">23.04.2024<\/p><\/div><h3 class=\"news-section__title\"><a href=\"https:\/\/ngr-backup.viljamedia.com\/fi\/kuinka-hyvin-meilla-pohjanmaalla-on-kierratys-hallinnassa\/\">Kuinka hyvin meill\u00e4 Pohjanmaalla on kierr\u00e4tys hallinnassa?<\/a><\/h3><p class=\"news-section__excerpt\">Aikakaudella, jolloin kaiken t\u00e4ytyy olla kest\u00e4v\u00e4\u00e4 ja trendit tulevat ja menev\u00e4t, on t\u00e4rke\u00e4\u00e4 palata kiertotalouden ajatukseen, joka ei ole mill\u00e4\u00e4n tavalla uusi. Trendikk\u00e4it\u00e4 sanoja markkinoinnissa&#8230;<\/p><a href=\"https:\/\/ngr-backup.viljamedia.com\/fi\/kuinka-hyvin-meilla-pohjanmaalla-on-kierratys-hallinnassa\/\" class=\"news-section__link btn__read-more\">Lue lis\u00e4\u00e4 <svg width=\"16\" height=\"16\" fill=\"currentColor\" class=\"bi bi-arrow-right\" viewBox=\"0 0 16 16\" src=\"https:\/\/ngr-backup.viljamedia.com\/wp-content\/uploads\/2025\/10\/arrow-right.svg\"><path fill-rule=\"evenodd\" d=\"M1 8a.5.5 0 0 1 .5-.5h11.793l-3.147-3.146a.5.5 0 0 1 .708-.708l4 4a.5.5 0 0 1 0 .708l-4 4a.5.5 0 0 1-.708-.708L13.293 8.5H1.5A.5.5 0 0 1 1 8\"><\/path><\/svg> <\/a><\/li><li data-etch-element=\"flex-div\" class=\"news-section__news-card\"><div class=\"news-section__meta-wrapper category--uncategorized-fi\"><p class=\"news-section__division\">Uncategorized @fi<\/p><p class=\"news-section__date\">03.04.2024<\/p><\/div><h3 class=\"news-section__title\"><a href=\"https:\/\/ngr-backup.viljamedia.com\/fi\/waasa-energy-week-kohtaamisen-tarkeys\/\">Waasa Energy Week &#8211; kohtaamisen t\u00e4rkeys<\/a><\/h3><p class=\"news-section__excerpt\">EnergyWeek on vuosittainen tapahtuma, joka houkuttelee energiateollisuuden asiantuntijoita ymp\u00e4ri maailmaa Vaasaan verkostoitumaan ja kuulemaan alan uusimmista uutisista ja mielenkiintoisimmista innovaatioista. Maaliskuussa NGR osallistui ensimm\u00e4ist\u00e4 kertaa&#8230;<\/p><a href=\"https:\/\/ngr-backup.viljamedia.com\/fi\/waasa-energy-week-kohtaamisen-tarkeys\/\" class=\"news-section__link btn__read-more\">Lue lis\u00e4\u00e4 <svg width=\"16\" height=\"16\" fill=\"currentColor\" class=\"bi bi-arrow-right\" viewBox=\"0 0 16 16\" src=\"https:\/\/ngr-backup.viljamedia.com\/wp-content\/uploads\/2025\/10\/arrow-right.svg\"><path fill-rule=\"evenodd\" d=\"M1 8a.5.5 0 0 1 .5-.5h11.793l-3.147-3.146a.5.5 0 0 1 .708-.708l4 4a.5.5 0 0 1 0 .708l-4 4a.5.5 0 0 1-.708-.708L13.293 8.5H1.5A.5.5 0 0 1 1 8\"><\/path><\/svg> <\/a><\/li><li data-etch-element=\"flex-div\" class=\"news-section__news-card\"><div class=\"news-section__meta-wrapper category--uncategorized-fi\"><p class=\"news-section__division\">Uncategorized @fi<\/p><p class=\"news-section__date\">04.12.2023<\/p><\/div><h3 class=\"news-section__title\"><a href=\"https:\/\/ngr-backup.viljamedia.com\/fi\/tutustu-ngrn-uuteen-tuotepaallikkoon-jan-walliniin\/\">Tutustu NGR:n uuteen tuotep\u00e4\u00e4llikk\u00f6\u00f6n, Jan Walliniin<\/a><\/h3><p class=\"news-section__excerpt\">Uusi askel uralla houkutteli Jan Wallinia, kun h\u00e4nelle tarjottiin ty\u00f6paikkaa NGR:n tuotep\u00e4\u00e4llikk\u00f6n\u00e4. Yksi asia johti toiseen, ja Wallin aloitti kasvavan yrityksen uudessa teht\u00e4v\u00e4ss\u00e4 marraskuun kuudentena&#8230;<\/p><a href=\"https:\/\/ngr-backup.viljamedia.com\/fi\/tutustu-ngrn-uuteen-tuotepaallikkoon-jan-walliniin\/\" class=\"news-section__link btn__read-more\">Lue lis\u00e4\u00e4 <svg width=\"16\" height=\"16\" fill=\"currentColor\" class=\"bi bi-arrow-right\" viewBox=\"0 0 16 16\" src=\"https:\/\/ngr-backup.viljamedia.com\/wp-content\/uploads\/2025\/10\/arrow-right.svg\"><path fill-rule=\"evenodd\" d=\"M1 8a.5.5 0 0 1 .5-.5h11.793l-3.147-3.146a.5.5 0 0 1 .708-.708l4 4a.5.5 0 0 1 0 .708l-4 4a.5.5 0 0 1-.708-.708L13.293 8.5H1.5A.5.5 0 0 1 1 8\"><\/path><\/svg> <\/a><\/li><li data-etch-element=\"flex-div\" class=\"news-section__news-card\"><div class=\"news-section__meta-wrapper category--uncategorized-fi\"><p class=\"news-section__division\">Uncategorized @fi<\/p><p class=\"news-section__date\">20.11.2023<\/p><\/div><h3 class=\"news-section__title\"><a href=\"https:\/\/ngr-backup.viljamedia.com\/fi\/hastbacka-homma-lahti-liikkeelle-nopeammin-kuin-uskalsin-odottaa\/\">H\u00e4stbacka: homma l\u00e4hti liikkeelle nopeammin kuin uskalsin odottaa.<\/a><\/h3><p class=\"news-section__excerpt\">Kun ymp\u00e4rist\u00f6haasteet ovat yh\u00e4 akuutimpia, on t\u00e4rke\u00e4\u00e4 n\u00e4hd\u00e4 haasteiden sijaan my\u00f6s mit\u00e4 mahdollisuuksia meill\u00e4 on. Yksi n\u00e4ist\u00e4 mahdollisuus on perustaa yrityksi\u00e4, jotka edist\u00e4v\u00e4t kest\u00e4v\u00e4\u00e4 tulevaisuutta&#8230;.<\/p><a href=\"https:\/\/ngr-backup.viljamedia.com\/fi\/hastbacka-homma-lahti-liikkeelle-nopeammin-kuin-uskalsin-odottaa\/\" class=\"news-section__link btn__read-more\">Lue lis\u00e4\u00e4 <svg width=\"16\" height=\"16\" fill=\"currentColor\" class=\"bi bi-arrow-right\" viewBox=\"0 0 16 16\" src=\"https:\/\/ngr-backup.viljamedia.com\/wp-content\/uploads\/2025\/10\/arrow-right.svg\"><path fill-rule=\"evenodd\" d=\"M1 8a.5.5 0 0 1 .5-.5h11.793l-3.147-3.146a.5.5 0 0 1 .708-.708l4 4a.5.5 0 0 1 0 .708l-4 4a.5.5 0 0 1-.708-.708L13.293 8.5H1.5A.5.5 0 0 1 1 8\"><\/path><\/svg> <\/a><\/li><li data-etch-element=\"flex-div\" class=\"news-section__news-card\"><div class=\"news-section__meta-wrapper category--uncategorized-fi\"><p class=\"news-section__division\">Uncategorized @fi<\/p><p class=\"news-section__date\">17.10.2023<\/p><\/div><h3 class=\"news-section__title\"><a href=\"https:\/\/ngr-backup.viljamedia.com\/fi\/kestavyys-ja-jatehuolto-rakennus-ja-teollisuusalalla-vastuullisuus-taantuman-aikana-ja-kiertotalouden-merkitys\/\">Kest\u00e4vyys ja j\u00e4tehuolto rakennus- ja teollisuusalalla: Vastuullisuus taantuman aikana ja kiertotalouden merkitys<\/a><\/h3><p class=\"news-section__excerpt\">Viime vuosina kest\u00e4v\u00e4n kehityksen ja j\u00e4tehuollon kysymykset ovat nousseet keskeisiksi rakennus- ja teollisuusalalla.&nbsp; Alalla on alettu kiinnitt\u00e4\u00e4 yh\u00e4 enemm\u00e4n huomiota ymp\u00e4rist\u00f6yst\u00e4v\u00e4llisiin materiaaleihin ja prosesseihin, mik\u00e4&#8230;<\/p><a href=\"https:\/\/ngr-backup.viljamedia.com\/fi\/kestavyys-ja-jatehuolto-rakennus-ja-teollisuusalalla-vastuullisuus-taantuman-aikana-ja-kiertotalouden-merkitys\/\" class=\"news-section__link btn__read-more\">Lue lis\u00e4\u00e4 <svg width=\"16\" height=\"16\" fill=\"currentColor\" class=\"bi bi-arrow-right\" viewBox=\"0 0 16 16\" src=\"https:\/\/ngr-backup.viljamedia.com\/wp-content\/uploads\/2025\/10\/arrow-right.svg\"><path fill-rule=\"evenodd\" d=\"M1 8a.5.5 0 0 1 .5-.5h11.793l-3.147-3.146a.5.5 0 0 1 .708-.708l4 4a.5.5 0 0 1 0 .708l-4 4a.5.5 0 0 1-.708-.708L13.293 8.5H1.5A.5.5 0 0 1 1 8\"><\/path><\/svg> <\/a><\/li><li data-etch-element=\"flex-div\" class=\"news-section__news-card\"><div class=\"news-section__meta-wrapper category--uncategorized-fi\"><p class=\"news-section__division\">Uncategorized @fi<\/p><p class=\"news-section__date\">28.08.2022<\/p><\/div><h3 class=\"news-section__title\"><a href=\"https:\/\/ngr-backup.viljamedia.com\/fi\/suuri-ponnistus-ilmastoystavallisemmalle-rakentamiselle\/\">Suuri ponnistus ilmastoyst\u00e4v\u00e4llisemm\u00e4lle rakentamiselle<\/a><\/h3><p class=\"news-section__excerpt\">G\u00f6ran \u00d6stberg, kiertotalouden projektip\u00e4\u00e4llikk\u00f6, Vaasanseudun kehitys Oy VASEKista, on ollut osa NGR:n matkaa alusta l\u00e4htien. Luoda kiinnostusta kest\u00e4v\u00e4st\u00e4 kehityksest\u00e4 ja lis\u00e4t\u00e4 ymm\u00e4rryst\u00e4 siit\u00e4, miten hy\u00f6dyt\u00e4\u00e4n&#8230;<\/p><a href=\"https:\/\/ngr-backup.viljamedia.com\/fi\/suuri-ponnistus-ilmastoystavallisemmalle-rakentamiselle\/\" class=\"news-section__link btn__read-more\">Lue lis\u00e4\u00e4 <svg width=\"16\" height=\"16\" fill=\"currentColor\" class=\"bi bi-arrow-right\" viewBox=\"0 0 16 16\" src=\"https:\/\/ngr-backup.viljamedia.com\/wp-content\/uploads\/2025\/10\/arrow-right.svg\"><path fill-rule=\"evenodd\" d=\"M1 8a.5.5 0 0 1 .5-.5h11.793l-3.147-3.146a.5.5 0 0 1 .708-.708l4 4a.5.5 0 0 1 0 .708l-4 4a.5.5 0 0 1-.708-.708L13.293 8.5H1.5A.5.5 0 0 1 1 8\"><\/path><\/svg> <\/a><\/li><li data-etch-element=\"flex-div\" class=\"news-section__news-card\"><div class=\"news-section__meta-wrapper category--uncategorized-fi\"><p class=\"news-section__division\">Uncategorized @fi<\/p><p class=\"news-section__date\">28.08.2022<\/p><\/div><h3 class=\"news-section__title\"><a href=\"https:\/\/ngr-backup.viljamedia.com\/fi\/ngr-etsii-uusia-yhteistyokumppaneita\/\">NGR etsii uusia yhteisty\u00f6kumppaneita<\/a><\/h3><p class=\"news-section__excerpt\">\u201cT\u00e4ss\u00e4 on tuote, jolla on suuri yhteiskunnallinen hy\u00f6ty ja pieni ymp\u00e4rist\u00f6vaikutus\u201d Tobias H\u00e4stbackalla on kuusi vuotta yritt\u00e4jyytt\u00e4 takanansa \u2013 Keskis Gruopin kautta NGR:\u00e4\u00e4n on luonut&#8230;<\/p><a href=\"https:\/\/ngr-backup.viljamedia.com\/fi\/ngr-etsii-uusia-yhteistyokumppaneita\/\" class=\"news-section__link btn__read-more\">Lue lis\u00e4\u00e4 <svg width=\"16\" height=\"16\" fill=\"currentColor\" class=\"bi bi-arrow-right\" viewBox=\"0 0 16 16\" src=\"https:\/\/ngr-backup.viljamedia.com\/wp-content\/uploads\/2025\/10\/arrow-right.svg\"><path fill-rule=\"evenodd\" d=\"M1 8a.5.5 0 0 1 .5-.5h11.793l-3.147-3.146a.5.5 0 0 1 .708-.708l4 4a.5.5 0 0 1 0 .708l-4 4a.5.5 0 0 1-.708-.708L13.293 8.5H1.5A.5.5 0 0 1 1 8\"><\/path><\/svg> <\/a><\/li><\/ul><\/section>","protected":false},"excerpt":{"rendered":"<p>Uutiset &amp; ajankohtaista {article.categories.at(0).name} {article.date.dateFormat(&#8220;d.m.Y&#8221;)} {article.title} {article.excerpt.truncateWords(25)} Lue lis\u00e4\u00e4<\/p>\n","protected":false},"author":1,"featured_media":0,"parent":0,"menu_order":0,"comment_status":"closed","ping_status":"closed","template":"","meta":{"inline_featured_image":false,"slim_seo":{"title":"Ajankohtaista - Nordic Green Recycling","description":"Uutiset &amp; ajankohtaista {article.categories.at(0).name} {article.date.dateFormat(\"d.m.Y\")} {article.title} {article.excerpt.truncateWords(25)} Lue lis\u00e4\u00e4"},"footnotes":""},"class_list":["post-1256","page","type-page","status-publish","hentry"],"_links":{"self":[{"href":"https:\/\/ngr-backup.viljamedia.com\/fi\/wp-json\/wp\/v2\/pages\/1256","targetHints":{"allow":["GET"]}}],"collection":[{"href":"https:\/\/ngr-backup.viljamedia.com\/fi\/wp-json\/wp\/v2\/pages"}],"about":[{"href":"https:\/\/ngr-backup.viljamedia.com\/fi\/wp-json\/wp\/v2\/types\/page"}],"author":[{"embeddable":true,"href":"https:\/\/ngr-backup.viljamedia.com\/fi\/wp-json\/wp\/v2\/users\/1"}],"replies":[{"embeddable":true,"href":"https:\/\/ngr-backup.viljamedia.com\/fi\/wp-json\/wp\/v2\/comments?post=1256"}],"version-history":[{"count":3,"href":"https:\/\/ngr-backup.viljamedia.com\/fi\/wp-json\/wp\/v2\/pages\/1256\/revisions"}],"predecessor-version":[{"id":3269,"href":"https:\/\/ngr-backup.viljamedia.com\/fi\/wp-json\/wp\/v2\/pages\/1256\/revisions\/3269"}],"wp:attachment":[{"href":"https:\/\/ngr-backup.viljamedia.com\/fi\/wp-json\/wp\/v2\/media?parent=1256"}],"curies":[{"name":"wp","href":"https:\/\/api.w.org\/{rel}","templated":true}]}}